{"id":875,"date":"2017-07-27T17:20:02","date_gmt":"2017-07-27T16:20:02","guid":{"rendered":"https:\/\/www.pestanagroup.com\/?page_id=875"},"modified":"2023-01-11T13:00:16","modified_gmt":"2023-01-11T13:00:16","slug":"departments-and-locations","status":"publish","type":"page","link":"https:\/\/www.pestanagroup.com\/pt-pt\/departments-and-locations\/","title":{"rendered":"Departamentos e Localiza\u00e7\u00f5es"},"content":{"rendered":"<p>Compras<br \/>\nMarketing e Comunica\u00e7\u00e3o<br \/>\nRevenue Management<br \/>\nVendas<br \/>\nRecursos Humanos<br \/>\nServi\u00e7os T\u00e9cnicos (Conserva\u00e7\u00e3o e Manuten\u00e7\u00e3o)<br \/>\nFinanceiro<br \/>\nIT<br \/>\nBusiness Intelligence<br \/>\nReservas<br \/>\nJuridico<br \/>\nSeguran\u00e7a<br \/>\nAdministra\u00e7\u00e3o e Secretariado<br \/>\nDigital Marketing<br \/>\nE-commerce<br \/>\nContact Center<br \/>\nSustentabilidade<br \/>\nOperacional<\/p>\n<p>Lisboa<br \/>\nMadeira<br \/>\nPorto Santo<br \/>\nA\u00e7ores<br \/>\nCasablanca \u2013 Marrocos<br \/>\nPorto \u2013 Norte<br \/>\nAlgarve<br \/>\nAlentejo<br \/>\nCentro<br \/>\nCascais\/Sintra<br \/>\nLondres<br \/>\nBerlim<br \/>\nAmesterd\u00e3o<br \/>\nMadrid<br \/>\nBarcelona<br \/>\nCabo Verde<br \/>\nS. Tom\u00e9<br \/>\nMo\u00e7ambique<br \/>\n\u00c1frica do Sul<br \/>\nBrasil<br \/>\nCuba<br \/>\nVenezuela<br \/>\nBuenos Aires<br \/>\nMiami<br \/>\nNova Iorque<\/p>\n","protected":false},"excerpt":{"rendered":"Compras Marketing e Comunica\u00e7\u00e3o Revenue Management Vendas Recursos Humanos Servi\u00e7os T\u00e9cnicos (Conserva\u00e7\u00e3o e Manuten\u00e7\u00e3o) Financeiro IT Business Intelligence Reservas Juridico Seguran\u00e7a Administra\u00e7\u00e3o e Secretariado Digital Marketing E-commerce Contact Center Sustentabilidade Operacional Lisboa Madeira Porto Santo A\u00e7ores Casablanca \u2013 Marrocos Porto \u2013 Norte Algarve Alentejo Centro Cascais\/Sintra Londres Berlim Amesterd\u00e3o Madrid Barcelona Cabo Verde S. Tom\u00e9&#8230; <a class=\"view-article\" href=\"https:\/\/www.pestanagroup.com\/pt-pt\/departments-and-locations\/\">Ver artigo<\/a>","protected":false},"author":33,"featured_media":0,"parent":0,"menu_order":0,"comment_status":"closed","ping_status":"closed","template":"","meta":{"footnotes":""},"class_list":["post-875","page","type-page","status-publish","hentry"],"yoast_head":"<!-- This site is optimized with the Yoast SEO plugin v25.4 - https:\/\/yoast.com\/wordpress\/plugins\/seo\/ -->\n<title>Departamentos e Localiza\u00e7\u00f5es - Grupo Pestana<\/title>\n<meta name=\"robots\" content=\"index, follow, max-snippet:-1, max-image-preview:large, max-video-preview:-1\" \/>\n<link rel=\"canonical\" href=\"https:\/\/www.pestanagroup.com\/pt-pt\/departments-and-locations\/\" \/>\n<meta property=\"og:locale\" content=\"pt_PT\" \/>\n<meta property=\"og:type\" content=\"article\" \/>\n<meta property=\"og:title\" content=\"Departamentos e Localiza\u00e7\u00f5es - Grupo Pestana\" \/>\n<meta property=\"og:description\" content=\"Compras Marketing e Comunica\u00e7\u00e3o Revenue Management Vendas Recursos Humanos Servi\u00e7os T\u00e9cnicos (Conserva\u00e7\u00e3o e Manuten\u00e7\u00e3o) Financeiro IT Business Intelligence Reservas Juridico Seguran\u00e7a Administra\u00e7\u00e3o e Secretariado Digital Marketing E-commerce Contact Center Sustentabilidade Operacional Lisboa Madeira Porto Santo A\u00e7ores Casablanca \u2013 Marrocos Porto \u2013 Norte Algarve Alentejo Centro Cascais\/Sintra Londres Berlim Amesterd\u00e3o Madrid Barcelona Cabo Verde S. Tom\u00e9... Ver artigo\" \/>\n<meta property=\"og:url\" content=\"https:\/\/www.pestanagroup.com\/pt-pt\/departments-and-locations\/\" \/>\n<meta property=\"og:site_name\" content=\"Grupo Pestana\" \/>\n<meta property=\"article:modified_time\" content=\"2023-01-11T13:00:16+00:00\" \/>\n<meta name=\"twitter:card\" content=\"summary_large_image\" \/>\n<script type=\"application\/ld+json\" class=\"yoast-schema-graph\">{\"@context\":\"https:\/\/schema.org\",\"@graph\":[{\"@type\":\"WebPage\",\"@id\":\"https:\/\/www.pestanagroup.com\/pt-pt\/departments-and-locations\/\",\"url\":\"https:\/\/www.pestanagroup.com\/pt-pt\/departments-and-locations\/\",\"name\":\"Departamentos e Localiza\u00e7\u00f5es - Grupo Pestana\",\"isPartOf\":{\"@id\":\"https:\/\/www.pestanagroup.com\/pt-pt\/#website\"},\"datePublished\":\"2017-07-27T16:20:02+00:00\",\"dateModified\":\"2023-01-11T13:00:16+00:00\",\"inLanguage\":\"pt-PT\",\"potentialAction\":[{\"@type\":\"ReadAction\",\"target\":[\"https:\/\/www.pestanagroup.com\/pt-pt\/departments-and-locations\/\"]}]},{\"@type\":\"WebSite\",\"@id\":\"https:\/\/www.pestanagroup.com\/pt-pt\/#website\",\"url\":\"https:\/\/www.pestanagroup.com\/pt-pt\/\",\"name\":\"Grupo Pestana\",\"description\":\"The Time of Your Life\",\"potentialAction\":[{\"@type\":\"SearchAction\",\"target\":{\"@type\":\"EntryPoint\",\"urlTemplate\":\"https:\/\/www.pestanagroup.com\/pt-pt\/?s={search_term_string}\"},\"query-input\":{\"@type\":\"PropertyValueSpecification\",\"valueRequired\":true,\"valueName\":\"search_term_string\"}}],\"inLanguage\":\"pt-PT\"}]}<\/script>\n<!-- \/ Yoast SEO plugin. -->","yoast_head_json":{"title":"Departamentos e Localiza\u00e7\u00f5es - Grupo Pestana","robots":{"index":"index","follow":"follow","max-snippet":"max-snippet:-1","max-image-preview":"max-image-preview:large","max-video-preview":"max-video-preview:-1"},"canonical":"https:\/\/www.pestanagroup.com\/pt-pt\/departments-and-locations\/","og_locale":"pt_PT","og_type":"article","og_title":"Departamentos e Localiza\u00e7\u00f5es - Grupo Pestana","og_description":"Compras Marketing e Comunica\u00e7\u00e3o Revenue Management Vendas Recursos Humanos Servi\u00e7os T\u00e9cnicos (Conserva\u00e7\u00e3o e Manuten\u00e7\u00e3o) Financeiro IT Business Intelligence Reservas Juridico Seguran\u00e7a Administra\u00e7\u00e3o e Secretariado Digital Marketing E-commerce Contact Center Sustentabilidade Operacional Lisboa Madeira Porto Santo A\u00e7ores Casablanca \u2013 Marrocos Porto \u2013 Norte Algarve Alentejo Centro Cascais\/Sintra Londres Berlim Amesterd\u00e3o Madrid Barcelona Cabo Verde S. Tom\u00e9... Ver artigo","og_url":"https:\/\/www.pestanagroup.com\/pt-pt\/departments-and-locations\/","og_site_name":"Grupo Pestana","article_modified_time":"2023-01-11T13:00:16+00:00","twitter_card":"summary_large_image","schema":{"@context":"https:\/\/schema.org","@graph":[{"@type":"WebPage","@id":"https:\/\/www.pestanagroup.com\/pt-pt\/departments-and-locations\/","url":"https:\/\/www.pestanagroup.com\/pt-pt\/departments-and-locations\/","name":"Departamentos e Localiza\u00e7\u00f5es - Grupo Pestana","isPartOf":{"@id":"https:\/\/www.pestanagroup.com\/pt-pt\/#website"},"datePublished":"2017-07-27T16:20:02+00:00","dateModified":"2023-01-11T13:00:16+00:00","inLanguage":"pt-PT","potentialAction":[{"@type":"ReadAction","target":["https:\/\/www.pestanagroup.com\/pt-pt\/departments-and-locations\/"]}]},{"@type":"WebSite","@id":"https:\/\/www.pestanagroup.com\/pt-pt\/#website","url":"https:\/\/www.pestanagroup.com\/pt-pt\/","name":"Grupo Pestana","description":"The Time of Your Life","potentialAction":[{"@type":"SearchAction","target":{"@type":"EntryPoint","urlTemplate":"https:\/\/www.pestanagroup.com\/pt-pt\/?s={search_term_string}"},"query-input":{"@type":"PropertyValueSpecification","valueRequired":true,"valueName":"search_term_string"}}],"inLanguage":"pt-PT"}]}},"publishpress_future_workflow_manual_trigger":{"enabledWorkflows":[]},"_links":{"self":[{"href":"https:\/\/www.pestanagroup.com\/pt-pt\/wp-json\/wp\/v2\/pages\/875","targetHints":{"allow":["GET"]}}],"collection":[{"href":"https:\/\/www.pestanagroup.com\/pt-pt\/wp-json\/wp\/v2\/pages"}],"about":[{"href":"https:\/\/www.pestanagroup.com\/pt-pt\/wp-json\/wp\/v2\/types\/page"}],"author":[{"embeddable":true,"href":"https:\/\/www.pestanagroup.com\/pt-pt\/wp-json\/wp\/v2\/users\/33"}],"replies":[{"embeddable":true,"href":"https:\/\/www.pestanagroup.com\/pt-pt\/wp-json\/wp\/v2\/comments?post=875"}],"version-history":[{"count":2,"href":"https:\/\/www.pestanagroup.com\/pt-pt\/wp-json\/wp\/v2\/pages\/875\/revisions"}],"predecessor-version":[{"id":4910,"href":"https:\/\/www.pestanagroup.com\/pt-pt\/wp-json\/wp\/v2\/pages\/875\/revisions\/4910"}],"wp:attachment":[{"href":"https:\/\/www.pestanagroup.com\/pt-pt\/wp-json\/wp\/v2\/media?parent=875"}],"curies":[{"name":"wp","href":"https:\/\/api.w.org\/{rel}","templated":true}]}}