{"id":485,"date":"2017-07-17T11:41:34","date_gmt":"2017-07-17T11:41:34","guid":{"rendered":"https:\/\/www.pestanagroup.com\/?page_id=485"},"modified":"2023-01-11T13:00:11","modified_gmt":"2023-01-11T13:00:11","slug":"pestana-collection","status":"publish","type":"page","link":"https:\/\/www.pestanagroup.com\/pt-pt\/pestana-collection\/","title":{"rendered":"Pestana Collection"},"content":{"rendered":"<div class=\"imagensLaterais\">\n<p><img loading=\"lazy\" decoding=\"async\" width=\"800\" height=\"577\" class=\"alignnone size-medium wp-image-400\" src=\"\/wp-content\/uploads\/2017\/07\/Pestana-Collection-black-800x577.jpg\" alt=\"\" srcset=\"https:\/\/www.pestanagroup.com\/wp-content\/uploads\/2017\/07\/Pestana-Collection-black-800x577.jpg 800w, https:\/\/www.pestanagroup.com\/wp-content\/uploads\/2017\/07\/Pestana-Collection-black-768x554.jpg 768w, https:\/\/www.pestanagroup.com\/wp-content\/uploads\/2017\/07\/Pestana-Collection-black-1175x847.jpg 1175w, https:\/\/www.pestanagroup.com\/wp-content\/uploads\/2017\/07\/Pestana-Collection-black-580x418.jpg 580w\" sizes=\"auto, (max-width: 800px) 100vw, 800px\" \/><\/p>\n<\/div>\n<p><strong><span style=\"text-decoration: underline;\">Pestana Collection<\/span><\/strong> &#8211; O Pestana Hotels Collection \u00e9 a marca de hot\u00e9is exclusivos de luxo do Pestana Hotel Group, que atualmente \u00e9 composta por quatro hot\u00e9is, s\u00e3o membros ilustres de The Leading Hotels of the World\u00ae ou + Preferred Hotels &amp; Resorts o que permite que esta marca alinhe sua distribui\u00e7\u00e3o com a consumidor de luxo, atrav\u00e9s de seus escrit\u00f3rios de vendas regionais. Estes s\u00e3o unidades ic\u00f3nicas em locais premium com padr\u00f5es de servi\u00e7o diferenciado, personalizado e de alto n\u00edvel. S\u00e3o refer\u00eancias nos destinos tur\u00edsticos ou cidades onde se situam, tanto em termos de sofistica\u00e7\u00e3o como de competitividade.<\/p>\n<p>&nbsp;<\/p>\n","protected":false},"excerpt":{"rendered":"Pestana Collection &#8211; O Pestana Hotels Collection \u00e9 a marca de hot\u00e9is exclusivos de luxo do Pestana Hotel Group, que atualmente \u00e9 composta por quatro hot\u00e9is, s\u00e3o membros ilustres de The Leading Hotels of the World\u00ae ou + Preferred Hotels &amp; Resorts o que permite que esta marca alinhe sua distribui\u00e7\u00e3o com a consumidor de&#8230; <a class=\"view-article\" href=\"https:\/\/www.pestanagroup.com\/pt-pt\/pestana-collection\/\">Ver artigo<\/a>","protected":false},"author":33,"featured_media":486,"parent":0,"menu_order":0,"comment_status":"closed","ping_status":"closed","template":"","meta":{"footnotes":""},"class_list":["post-485","page","type-page","status-publish","has-post-thumbnail","hentry"],"yoast_head":"<!-- This site is optimized with the Yoast SEO plugin v25.4 - https:\/\/yoast.com\/wordpress\/plugins\/seo\/ -->\n<title>Pestana Collection - Grupo Pestana<\/title>\n<meta name=\"robots\" content=\"index, follow, max-snippet:-1, max-image-preview:large, max-video-preview:-1\" \/>\n<link rel=\"canonical\" href=\"https:\/\/www.pestanagroup.com\/pt-pt\/pestana-collection\/\" \/>\n<meta property=\"og:locale\" content=\"pt_PT\" \/>\n<meta property=\"og:type\" content=\"article\" \/>\n<meta property=\"og:title\" content=\"Pestana Collection - Grupo Pestana\" \/>\n<meta property=\"og:description\" content=\"Pestana Collection &#8211; O Pestana Hotels Collection \u00e9 a marca de hot\u00e9is exclusivos de luxo do Pestana Hotel Group, que atualmente \u00e9 composta por quatro hot\u00e9is, s\u00e3o membros ilustres de The Leading Hotels of the World\u00ae ou + Preferred Hotels &amp; Resorts o que permite que esta marca alinhe sua distribui\u00e7\u00e3o com a consumidor de... Ver artigo\" \/>\n<meta property=\"og:url\" content=\"https:\/\/www.pestanagroup.com\/pt-pt\/pestana-collection\/\" \/>\n<meta property=\"og:site_name\" content=\"Grupo Pestana\" \/>\n<meta property=\"article:modified_time\" content=\"2023-01-11T13:00:11+00:00\" \/>\n<meta property=\"og:image\" content=\"https:\/\/www.pestanagroup.com\/wp-content\/uploads\/2017\/07\/Marcas-Collection-1.jpg\" \/>\n\t<meta property=\"og:image:width\" content=\"3680\" \/>\n\t<meta property=\"og:image:height\" content=\"2456\" \/>\n\t<meta property=\"og:image:type\" content=\"image\/jpeg\" \/>\n<meta name=\"twitter:card\" content=\"summary_large_image\" \/>\n<meta name=\"twitter:label1\" content=\"Tempo estimado de leitura\" \/>\n\t<meta name=\"twitter:data1\" content=\"1 minuto\" \/>\n<script type=\"application\/ld+json\" class=\"yoast-schema-graph\">{\"@context\":\"https:\/\/schema.org\",\"@graph\":[{\"@type\":\"WebPage\",\"@id\":\"https:\/\/www.pestanagroup.com\/pt-pt\/pestana-collection\/\",\"url\":\"https:\/\/www.pestanagroup.com\/pt-pt\/pestana-collection\/\",\"name\":\"Pestana Collection - Grupo Pestana\",\"isPartOf\":{\"@id\":\"https:\/\/www.pestanagroup.com\/pt-pt\/#website\"},\"primaryImageOfPage\":{\"@id\":\"https:\/\/www.pestanagroup.com\/pt-pt\/pestana-collection\/#primaryimage\"},\"image\":{\"@id\":\"https:\/\/www.pestanagroup.com\/pt-pt\/pestana-collection\/#primaryimage\"},\"thumbnailUrl\":\"https:\/\/www.pestanagroup.com\/wp-content\/uploads\/2017\/07\/Marcas-Collection-1.jpg\",\"datePublished\":\"2017-07-17T11:41:34+00:00\",\"dateModified\":\"2023-01-11T13:00:11+00:00\",\"inLanguage\":\"pt-PT\",\"potentialAction\":[{\"@type\":\"ReadAction\",\"target\":[\"https:\/\/www.pestanagroup.com\/pt-pt\/pestana-collection\/\"]}]},{\"@type\":\"ImageObject\",\"inLanguage\":\"pt-PT\",\"@id\":\"https:\/\/www.pestanagroup.com\/pt-pt\/pestana-collection\/#primaryimage\",\"url\":\"https:\/\/www.pestanagroup.com\/wp-content\/uploads\/2017\/07\/Marcas-Collection-1.jpg\",\"contentUrl\":\"https:\/\/www.pestanagroup.com\/wp-content\/uploads\/2017\/07\/Marcas-Collection-1.jpg\",\"width\":3680,\"height\":2456},{\"@type\":\"WebSite\",\"@id\":\"https:\/\/www.pestanagroup.com\/pt-pt\/#website\",\"url\":\"https:\/\/www.pestanagroup.com\/pt-pt\/\",\"name\":\"Grupo Pestana\",\"description\":\"The Time of Your Life\",\"potentialAction\":[{\"@type\":\"SearchAction\",\"target\":{\"@type\":\"EntryPoint\",\"urlTemplate\":\"https:\/\/www.pestanagroup.com\/pt-pt\/?s={search_term_string}\"},\"query-input\":{\"@type\":\"PropertyValueSpecification\",\"valueRequired\":true,\"valueName\":\"search_term_string\"}}],\"inLanguage\":\"pt-PT\"}]}<\/script>\n<!-- \/ Yoast SEO plugin. -->","yoast_head_json":{"title":"Pestana Collection - Grupo Pestana","robots":{"index":"index","follow":"follow","max-snippet":"max-snippet:-1","max-image-preview":"max-image-preview:large","max-video-preview":"max-video-preview:-1"},"canonical":"https:\/\/www.pestanagroup.com\/pt-pt\/pestana-collection\/","og_locale":"pt_PT","og_type":"article","og_title":"Pestana Collection - Grupo Pestana","og_description":"Pestana Collection &#8211; O Pestana Hotels Collection \u00e9 a marca de hot\u00e9is exclusivos de luxo do Pestana Hotel Group, que atualmente \u00e9 composta por quatro hot\u00e9is, s\u00e3o membros ilustres de The Leading Hotels of the World\u00ae ou + Preferred Hotels &amp; Resorts o que permite que esta marca alinhe sua distribui\u00e7\u00e3o com a consumidor de... Ver artigo","og_url":"https:\/\/www.pestanagroup.com\/pt-pt\/pestana-collection\/","og_site_name":"Grupo Pestana","article_modified_time":"2023-01-11T13:00:11+00:00","og_image":[{"width":3680,"height":2456,"url":"https:\/\/www.pestanagroup.com\/wp-content\/uploads\/2017\/07\/Marcas-Collection-1.jpg","type":"image\/jpeg"}],"twitter_card":"summary_large_image","twitter_misc":{"Tempo estimado de leitura":"1 minuto"},"schema":{"@context":"https:\/\/schema.org","@graph":[{"@type":"WebPage","@id":"https:\/\/www.pestanagroup.com\/pt-pt\/pestana-collection\/","url":"https:\/\/www.pestanagroup.com\/pt-pt\/pestana-collection\/","name":"Pestana Collection - Grupo Pestana","isPartOf":{"@id":"https:\/\/www.pestanagroup.com\/pt-pt\/#website"},"primaryImageOfPage":{"@id":"https:\/\/www.pestanagroup.com\/pt-pt\/pestana-collection\/#primaryimage"},"image":{"@id":"https:\/\/www.pestanagroup.com\/pt-pt\/pestana-collection\/#primaryimage"},"thumbnailUrl":"https:\/\/www.pestanagroup.com\/wp-content\/uploads\/2017\/07\/Marcas-Collection-1.jpg","datePublished":"2017-07-17T11:41:34+00:00","dateModified":"2023-01-11T13:00:11+00:00","inLanguage":"pt-PT","potentialAction":[{"@type":"ReadAction","target":["https:\/\/www.pestanagroup.com\/pt-pt\/pestana-collection\/"]}]},{"@type":"ImageObject","inLanguage":"pt-PT","@id":"https:\/\/www.pestanagroup.com\/pt-pt\/pestana-collection\/#primaryimage","url":"https:\/\/www.pestanagroup.com\/wp-content\/uploads\/2017\/07\/Marcas-Collection-1.jpg","contentUrl":"https:\/\/www.pestanagroup.com\/wp-content\/uploads\/2017\/07\/Marcas-Collection-1.jpg","width":3680,"height":2456},{"@type":"WebSite","@id":"https:\/\/www.pestanagroup.com\/pt-pt\/#website","url":"https:\/\/www.pestanagroup.com\/pt-pt\/","name":"Grupo Pestana","description":"The Time of Your Life","potentialAction":[{"@type":"SearchAction","target":{"@type":"EntryPoint","urlTemplate":"https:\/\/www.pestanagroup.com\/pt-pt\/?s={search_term_string}"},"query-input":{"@type":"PropertyValueSpecification","valueRequired":true,"valueName":"search_term_string"}}],"inLanguage":"pt-PT"}]}},"publishpress_future_workflow_manual_trigger":{"enabledWorkflows":[]},"_links":{"self":[{"href":"https:\/\/www.pestanagroup.com\/pt-pt\/wp-json\/wp\/v2\/pages\/485","targetHints":{"allow":["GET"]}}],"collection":[{"href":"https:\/\/www.pestanagroup.com\/pt-pt\/wp-json\/wp\/v2\/pages"}],"about":[{"href":"https:\/\/www.pestanagroup.com\/pt-pt\/wp-json\/wp\/v2\/types\/page"}],"author":[{"embeddable":true,"href":"https:\/\/www.pestanagroup.com\/pt-pt\/wp-json\/wp\/v2\/users\/33"}],"replies":[{"embeddable":true,"href":"https:\/\/www.pestanagroup.com\/pt-pt\/wp-json\/wp\/v2\/comments?post=485"}],"version-history":[{"count":3,"href":"https:\/\/www.pestanagroup.com\/pt-pt\/wp-json\/wp\/v2\/pages\/485\/revisions"}],"predecessor-version":[{"id":4896,"href":"https:\/\/www.pestanagroup.com\/pt-pt\/wp-json\/wp\/v2\/pages\/485\/revisions\/4896"}],"wp:featuredmedia":[{"embeddable":true,"href":"https:\/\/www.pestanagroup.com\/pt-pt\/wp-json\/wp\/v2\/media\/486"}],"wp:attachment":[{"href":"https:\/\/www.pestanagroup.com\/pt-pt\/wp-json\/wp\/v2\/media?parent=485"}],"curies":[{"name":"wp","href":"https:\/\/api.w.org\/{rel}","templated":true}]}}