{"id":481,"date":"2017-07-17T11:40:36","date_gmt":"2017-07-17T11:40:36","guid":{"rendered":"https:\/\/www.pestanagroup.com\/?page_id=481"},"modified":"2023-01-11T13:00:10","modified_gmt":"2023-01-11T13:00:10","slug":"pousadas-de-portugal","status":"publish","type":"page","link":"https:\/\/www.pestanagroup.com\/pt-pt\/pousadas-de-portugal\/","title":{"rendered":"Pousadas de Portugal"},"content":{"rendered":"<div class=\"imagensLaterais\">\n<p><img loading=\"lazy\" decoding=\"async\" width=\"800\" height=\"566\" class=\"alignnone size-medium wp-image-397\" src=\"\/wp-content\/uploads\/2017\/07\/Pestana-Pousadas-de-Portugal-BW-800x566.png\" alt=\"\" srcset=\"https:\/\/www.pestanagroup.com\/wp-content\/uploads\/2017\/07\/Pestana-Pousadas-de-Portugal-BW-800x566.png 800w, https:\/\/www.pestanagroup.com\/wp-content\/uploads\/2017\/07\/Pestana-Pousadas-de-Portugal-BW-768x543.png 768w, https:\/\/www.pestanagroup.com\/wp-content\/uploads\/2017\/07\/Pestana-Pousadas-de-Portugal-BW-1175x831.png 1175w, https:\/\/www.pestanagroup.com\/wp-content\/uploads\/2017\/07\/Pestana-Pousadas-de-Portugal-BW-580x410.png 580w\" sizes=\"auto, (max-width: 800px) 100vw, 800px\" \/><u><\/u><\/p>\n<\/div>\n<p><strong>Pousadas de Portugal<\/strong> &#8211; Esta marca de excel\u00eancia est\u00e1 implementada em mais de 35 hot\u00e9is \u00fanicos que se encontram em mosteiros, castelos, conventos, fortes, mans\u00f5es que foram restaurados e transformados em hot\u00e9is, e muitas vezes est\u00e3o envolvidos por paisagem de campo deslumbrante. O Grupo Pestana sempre beneficiou a recupera\u00e7\u00e3o e a preserva\u00e7\u00e3o, al\u00e9m de tornar cada vez melhor um patrim\u00f4nio patrimonial arquitet\u00f4nico tur\u00edstico de primeira qualidade.Pestana Pousadas de Portugal s\u00e3o recomendadas com orgulho pela Casa Real Portuguesa.<\/p>\n","protected":false},"excerpt":{"rendered":"Pousadas de Portugal &#8211; Esta marca de excel\u00eancia est\u00e1 implementada em mais de 35 hot\u00e9is \u00fanicos que se encontram em mosteiros, castelos, conventos, fortes, mans\u00f5es que foram restaurados e transformados em hot\u00e9is, e muitas vezes est\u00e3o envolvidos por paisagem de campo deslumbrante. O Grupo Pestana sempre beneficiou a recupera\u00e7\u00e3o e a preserva\u00e7\u00e3o, al\u00e9m de tornar&#8230; <a class=\"view-article\" href=\"https:\/\/www.pestanagroup.com\/pt-pt\/pousadas-de-portugal\/\">Ver artigo<\/a>","protected":false},"author":33,"featured_media":482,"parent":0,"menu_order":0,"comment_status":"closed","ping_status":"closed","template":"","meta":{"footnotes":""},"class_list":["post-481","page","type-page","status-publish","has-post-thumbnail","hentry"],"yoast_head":"<!-- This site is optimized with the Yoast SEO plugin v25.4 - https:\/\/yoast.com\/wordpress\/plugins\/seo\/ -->\n<title>Pousadas de Portugal - Grupo Pestana<\/title>\n<meta name=\"robots\" content=\"index, follow, max-snippet:-1, max-image-preview:large, max-video-preview:-1\" \/>\n<link rel=\"canonical\" href=\"https:\/\/www.pestanagroup.com\/pt-pt\/pousadas-de-portugal\/\" \/>\n<meta property=\"og:locale\" content=\"pt_PT\" \/>\n<meta property=\"og:type\" content=\"article\" \/>\n<meta property=\"og:title\" content=\"Pousadas de Portugal - Grupo Pestana\" \/>\n<meta property=\"og:description\" content=\"Pousadas de Portugal &#8211; Esta marca de excel\u00eancia est\u00e1 implementada em mais de 35 hot\u00e9is \u00fanicos que se encontram em mosteiros, castelos, conventos, fortes, mans\u00f5es que foram restaurados e transformados em hot\u00e9is, e muitas vezes est\u00e3o envolvidos por paisagem de campo deslumbrante. O Grupo Pestana sempre beneficiou a recupera\u00e7\u00e3o e a preserva\u00e7\u00e3o, al\u00e9m de tornar... Ver artigo\" \/>\n<meta property=\"og:url\" content=\"https:\/\/www.pestanagroup.com\/pt-pt\/pousadas-de-portugal\/\" \/>\n<meta property=\"og:site_name\" content=\"Grupo Pestana\" \/>\n<meta property=\"article:modified_time\" content=\"2023-01-11T13:00:10+00:00\" \/>\n<meta property=\"og:image\" content=\"https:\/\/www.pestanagroup.com\/wp-content\/uploads\/2017\/07\/Marcas-Pousadas-1-1175x944.jpg\" \/>\n\t<meta property=\"og:image:width\" content=\"1175\" \/>\n\t<meta property=\"og:image:height\" content=\"944\" \/>\n\t<meta property=\"og:image:type\" content=\"image\/jpeg\" \/>\n<meta name=\"twitter:card\" content=\"summary_large_image\" \/>\n<script type=\"application\/ld+json\" class=\"yoast-schema-graph\">{\"@context\":\"https:\/\/schema.org\",\"@graph\":[{\"@type\":\"WebPage\",\"@id\":\"https:\/\/www.pestanagroup.com\/pt-pt\/pousadas-de-portugal\/\",\"url\":\"https:\/\/www.pestanagroup.com\/pt-pt\/pousadas-de-portugal\/\",\"name\":\"Pousadas de Portugal - Grupo Pestana\",\"isPartOf\":{\"@id\":\"https:\/\/www.pestanagroup.com\/pt-pt\/#website\"},\"primaryImageOfPage\":{\"@id\":\"https:\/\/www.pestanagroup.com\/pt-pt\/pousadas-de-portugal\/#primaryimage\"},\"image\":{\"@id\":\"https:\/\/www.pestanagroup.com\/pt-pt\/pousadas-de-portugal\/#primaryimage\"},\"thumbnailUrl\":\"https:\/\/www.pestanagroup.com\/wp-content\/uploads\/2017\/07\/Marcas-Pousadas-1.jpg\",\"datePublished\":\"2017-07-17T11:40:36+00:00\",\"dateModified\":\"2023-01-11T13:00:10+00:00\",\"inLanguage\":\"pt-PT\",\"potentialAction\":[{\"@type\":\"ReadAction\",\"target\":[\"https:\/\/www.pestanagroup.com\/pt-pt\/pousadas-de-portugal\/\"]}]},{\"@type\":\"ImageObject\",\"inLanguage\":\"pt-PT\",\"@id\":\"https:\/\/www.pestanagroup.com\/pt-pt\/pousadas-de-portugal\/#primaryimage\",\"url\":\"https:\/\/www.pestanagroup.com\/wp-content\/uploads\/2017\/07\/Marcas-Pousadas-1.jpg\",\"contentUrl\":\"https:\/\/www.pestanagroup.com\/wp-content\/uploads\/2017\/07\/Marcas-Pousadas-1.jpg\",\"width\":4658,\"height\":3744},{\"@type\":\"WebSite\",\"@id\":\"https:\/\/www.pestanagroup.com\/pt-pt\/#website\",\"url\":\"https:\/\/www.pestanagroup.com\/pt-pt\/\",\"name\":\"Grupo Pestana\",\"description\":\"The Time of Your Life\",\"potentialAction\":[{\"@type\":\"SearchAction\",\"target\":{\"@type\":\"EntryPoint\",\"urlTemplate\":\"https:\/\/www.pestanagroup.com\/pt-pt\/?s={search_term_string}\"},\"query-input\":{\"@type\":\"PropertyValueSpecification\",\"valueRequired\":true,\"valueName\":\"search_term_string\"}}],\"inLanguage\":\"pt-PT\"}]}<\/script>\n<!-- \/ Yoast SEO plugin. -->","yoast_head_json":{"title":"Pousadas de Portugal - Grupo Pestana","robots":{"index":"index","follow":"follow","max-snippet":"max-snippet:-1","max-image-preview":"max-image-preview:large","max-video-preview":"max-video-preview:-1"},"canonical":"https:\/\/www.pestanagroup.com\/pt-pt\/pousadas-de-portugal\/","og_locale":"pt_PT","og_type":"article","og_title":"Pousadas de Portugal - Grupo Pestana","og_description":"Pousadas de Portugal &#8211; Esta marca de excel\u00eancia est\u00e1 implementada em mais de 35 hot\u00e9is \u00fanicos que se encontram em mosteiros, castelos, conventos, fortes, mans\u00f5es que foram restaurados e transformados em hot\u00e9is, e muitas vezes est\u00e3o envolvidos por paisagem de campo deslumbrante. O Grupo Pestana sempre beneficiou a recupera\u00e7\u00e3o e a preserva\u00e7\u00e3o, al\u00e9m de tornar... Ver artigo","og_url":"https:\/\/www.pestanagroup.com\/pt-pt\/pousadas-de-portugal\/","og_site_name":"Grupo Pestana","article_modified_time":"2023-01-11T13:00:10+00:00","og_image":[{"width":1175,"height":944,"url":"https:\/\/www.pestanagroup.com\/wp-content\/uploads\/2017\/07\/Marcas-Pousadas-1-1175x944.jpg","type":"image\/jpeg"}],"twitter_card":"summary_large_image","schema":{"@context":"https:\/\/schema.org","@graph":[{"@type":"WebPage","@id":"https:\/\/www.pestanagroup.com\/pt-pt\/pousadas-de-portugal\/","url":"https:\/\/www.pestanagroup.com\/pt-pt\/pousadas-de-portugal\/","name":"Pousadas de Portugal - Grupo Pestana","isPartOf":{"@id":"https:\/\/www.pestanagroup.com\/pt-pt\/#website"},"primaryImageOfPage":{"@id":"https:\/\/www.pestanagroup.com\/pt-pt\/pousadas-de-portugal\/#primaryimage"},"image":{"@id":"https:\/\/www.pestanagroup.com\/pt-pt\/pousadas-de-portugal\/#primaryimage"},"thumbnailUrl":"https:\/\/www.pestanagroup.com\/wp-content\/uploads\/2017\/07\/Marcas-Pousadas-1.jpg","datePublished":"2017-07-17T11:40:36+00:00","dateModified":"2023-01-11T13:00:10+00:00","inLanguage":"pt-PT","potentialAction":[{"@type":"ReadAction","target":["https:\/\/www.pestanagroup.com\/pt-pt\/pousadas-de-portugal\/"]}]},{"@type":"ImageObject","inLanguage":"pt-PT","@id":"https:\/\/www.pestanagroup.com\/pt-pt\/pousadas-de-portugal\/#primaryimage","url":"https:\/\/www.pestanagroup.com\/wp-content\/uploads\/2017\/07\/Marcas-Pousadas-1.jpg","contentUrl":"https:\/\/www.pestanagroup.com\/wp-content\/uploads\/2017\/07\/Marcas-Pousadas-1.jpg","width":4658,"height":3744},{"@type":"WebSite","@id":"https:\/\/www.pestanagroup.com\/pt-pt\/#website","url":"https:\/\/www.pestanagroup.com\/pt-pt\/","name":"Grupo Pestana","description":"The Time of Your Life","potentialAction":[{"@type":"SearchAction","target":{"@type":"EntryPoint","urlTemplate":"https:\/\/www.pestanagroup.com\/pt-pt\/?s={search_term_string}"},"query-input":{"@type":"PropertyValueSpecification","valueRequired":true,"valueName":"search_term_string"}}],"inLanguage":"pt-PT"}]}},"publishpress_future_workflow_manual_trigger":{"enabledWorkflows":[]},"_links":{"self":[{"href":"https:\/\/www.pestanagroup.com\/pt-pt\/wp-json\/wp\/v2\/pages\/481","targetHints":{"allow":["GET"]}}],"collection":[{"href":"https:\/\/www.pestanagroup.com\/pt-pt\/wp-json\/wp\/v2\/pages"}],"about":[{"href":"https:\/\/www.pestanagroup.com\/pt-pt\/wp-json\/wp\/v2\/types\/page"}],"author":[{"embeddable":true,"href":"https:\/\/www.pestanagroup.com\/pt-pt\/wp-json\/wp\/v2\/users\/33"}],"replies":[{"embeddable":true,"href":"https:\/\/www.pestanagroup.com\/pt-pt\/wp-json\/wp\/v2\/comments?post=481"}],"version-history":[{"count":3,"href":"https:\/\/www.pestanagroup.com\/pt-pt\/wp-json\/wp\/v2\/pages\/481\/revisions"}],"predecessor-version":[{"id":4894,"href":"https:\/\/www.pestanagroup.com\/pt-pt\/wp-json\/wp\/v2\/pages\/481\/revisions\/4894"}],"wp:featuredmedia":[{"embeddable":true,"href":"https:\/\/www.pestanagroup.com\/pt-pt\/wp-json\/wp\/v2\/media\/482"}],"wp:attachment":[{"href":"https:\/\/www.pestanagroup.com\/pt-pt\/wp-json\/wp\/v2\/media?parent=481"}],"curies":[{"name":"wp","href":"https:\/\/api.w.org\/{rel}","templated":true}]}}