{"id":3510,"date":"2021-04-01T13:11:34","date_gmt":"2021-04-01T12:11:34","guid":{"rendered":"https:\/\/www.pestanagroup.com\/?page_id=3510"},"modified":"2023-01-11T13:00:34","modified_gmt":"2023-01-11T13:00:34","slug":"imobiliario-e-servicos-turisticos","status":"publish","type":"page","link":"https:\/\/www.pestanagroup.com\/pt-pt\/pestana-group\/other-business-areas\/imobiliario-e-servicos-turisticos\/","title":{"rendered":"Imobili\u00e1rio e Servi\u00e7os Tur\u00edsticos"},"content":{"rendered":"<p>Baseado nos princ\u00edpios da sustentabilidade, ao criar valor e preservar recursos para as gera\u00e7\u00f5es futuras, o Pestana Hotel Group tem vindo a desenvolver projetos \u00fanicos na \u00e1rea do imobili\u00e1rio, aos quais acrescentou a possibilidade de servi\u00e7os de explora\u00e7\u00e3o tur\u00edstica, que garantem um retorno adicional ao seu investimento.<\/p>\n<p>No Algarve, onde o Grupo iniciou os projetos na \u00e1rea do imobili\u00e1rio, o <a href=\"https:\/\/www.pestanaproperties.com\/properties-sale\" target=\"_blank\" rel=\"noopener\">Pestana Golf &amp; Resorts<\/a> disp\u00f5e de uma ampla sele\u00e7\u00e3o de propostas. Seja um apartamento, uma townhouse ou villa, h\u00e1 uma casa de f\u00e9rias ou segunda casa \u00e0 sua medida, junto aos melhores campos de golfe Pestana na regi\u00e3o: no Gramacho, Vale da Pinta ou no recente Silves Golf Resort. Saiba mais em Pestana em <a href=\"https:\/\/www.pestanaproperties.com\/properties-sale\" target=\"_blank\" rel=\"noopener\">Pestana properties<\/a><\/p>\n<p>A apenas uma hora de Lisboa, na melhor localiza\u00e7\u00e3o da pen\u00ednsula de Tr\u00f3ia, <a href=\"https:\/\/www.pestanatroia.com\/pt\/\" target=\"_blank\" rel=\"noopener\">o Pestana Tr\u00f3ia Eco-Resort &amp; Residences<\/a> conta com uma \u00e1rea de 100ha, com uma frente de praia de 2km. Desenvolvido em cinco fases ao longo dos \u00faltimos dez anos, o resort foi desenhado de raiz em harmonia com a natureza e de modo a garantir com o m\u00ednimo impacte ambiental. \u00c9 o projecto com menor densidade de constru\u00e7\u00e3o em toda a Costa Alentejana e um dos pousos PINs (Projectos de Interesse Nacional). Localizado numa Reserva Natural, a constru\u00e7\u00e3o ocupa apenas 5% do empreendimento, e as restantes s\u00e3o consideradas Reserva Ecol\u00f3gica (50%) e Zona Verde Protegida (45%). As vendas no resort est\u00e3o conclu\u00eddas e os alugueres no resort est\u00e3o dispon\u00edveis em <a href=\"http:\/\/www.pestana.com\/\" target=\"_blank\" rel=\"noopener\">www.pestana.com<\/a><\/p>\n<p>Um pouco mais a sul, o <a href=\"http:\/\/www.pestanacomporta.com\/\" target=\"_blank\" rel=\"noopener\">Pestana Comporta Village Residences<\/a> \u00e9 o mais recente projeto do Pestana Hotel Group na Costa Alentejana. Est\u00e1 localizado na pitoresca vila da Comporta, destino de f\u00e9rias escolhido por muitos famosos portugueses e estrangeiros e considerado pela imprensa estrangeira como os \u2018Hamptons portugueses\u00b4. O novo empreendimento inclui 75 casas com data prevista de conclus\u00e3o da obra em 2022 e ter\u00e1 associado o conforto e a privacidade de um condom\u00ednio privado, com a conveni\u00eancia dos servi\u00e7os hoteleiros de excel\u00eancia do Pestana Hotel Group. A apenas 2km da praia, o Pestana Comporta Village Residences oferece uma experi\u00eancia \u00fanica; a combina\u00e7\u00e3o perfeita entre o tradicional lifestyle local com um ambiente hippie chic. O projeto j\u00e1 se encontra reservado na totalidade, mas disp\u00f5e de uma lista de espera ativa para aquisi\u00e7\u00e3o. Para mais informa\u00e7\u00f5es sobre este projecto por favor visite<a href=\"http:\/\/www.pestanacomporta.com\/\" target=\"_blank\" rel=\"noopener\">www.pestanacomporta.com<\/a> ou ligue +351 934 409 283.<\/p>\n","protected":false},"excerpt":{"rendered":"Baseado nos princ\u00edpios da sustentabilidade, ao criar valor e preservar recursos para as gera\u00e7\u00f5es futuras, o Pestana Hotel Group tem vindo a desenvolver projetos \u00fanicos na \u00e1rea do imobili\u00e1rio, aos quais acrescentou a possibilidade de servi\u00e7os de explora\u00e7\u00e3o tur\u00edstica, que garantem um retorno adicional ao seu investimento. No Algarve, onde o Grupo iniciou os projetos&#8230; <a class=\"view-article\" href=\"https:\/\/www.pestanagroup.com\/pt-pt\/pestana-group\/other-business-areas\/imobiliario-e-servicos-turisticos\/\">Ver artigo<\/a>","protected":false},"author":30,"featured_media":901,"parent":1217,"menu_order":0,"comment_status":"closed","ping_status":"closed","template":"texto.php","meta":{"footnotes":""},"class_list":["post-3510","page","type-page","status-publish","has-post-thumbnail","hentry"],"yoast_head":"<!-- This site is optimized with the Yoast SEO plugin v25.4 - https:\/\/yoast.com\/wordpress\/plugins\/seo\/ -->\n<title>Imobili\u00e1rio e Servi\u00e7os Tur\u00edsticos - Grupo Pestana<\/title>\n<meta name=\"robots\" content=\"index, follow, max-snippet:-1, max-image-preview:large, max-video-preview:-1\" \/>\n<link rel=\"canonical\" href=\"https:\/\/www.pestanagroup.com\/pt-pt\/pestana-group\/other-business-areas\/imobiliario-e-servicos-turisticos\/\" \/>\n<meta property=\"og:locale\" content=\"pt_PT\" \/>\n<meta property=\"og:type\" content=\"article\" \/>\n<meta property=\"og:title\" content=\"Imobili\u00e1rio e Servi\u00e7os Tur\u00edsticos - Grupo Pestana\" \/>\n<meta property=\"og:description\" content=\"Baseado nos princ\u00edpios da sustentabilidade, ao criar valor e preservar recursos para as gera\u00e7\u00f5es futuras, o Pestana Hotel Group tem vindo a desenvolver projetos \u00fanicos na \u00e1rea do imobili\u00e1rio, aos quais acrescentou a possibilidade de servi\u00e7os de explora\u00e7\u00e3o tur\u00edstica, que garantem um retorno adicional ao seu investimento. No Algarve, onde o Grupo iniciou os projetos... Ver artigo\" \/>\n<meta property=\"og:url\" content=\"https:\/\/www.pestanagroup.com\/pt-pt\/pestana-group\/other-business-areas\/imobiliario-e-servicos-turisticos\/\" \/>\n<meta property=\"og:site_name\" content=\"Grupo Pestana\" \/>\n<meta property=\"article:modified_time\" content=\"2023-01-11T13:00:34+00:00\" \/>\n<meta property=\"og:image\" content=\"https:\/\/www.pestanagroup.com\/wp-content\/uploads\/2017\/07\/header_marcas.jpg\" \/>\n\t<meta property=\"og:image:width\" content=\"1600\" \/>\n\t<meta property=\"og:image:height\" content=\"524\" \/>\n\t<meta property=\"og:image:type\" content=\"image\/jpeg\" \/>\n<meta name=\"twitter:card\" content=\"summary_large_image\" \/>\n<meta name=\"twitter:label1\" content=\"Tempo estimado de leitura\" \/>\n\t<meta name=\"twitter:data1\" content=\"2 minutos\" \/>\n<script type=\"application\/ld+json\" class=\"yoast-schema-graph\">{\"@context\":\"https:\/\/schema.org\",\"@graph\":[{\"@type\":\"WebPage\",\"@id\":\"https:\/\/www.pestanagroup.com\/pt-pt\/pestana-group\/other-business-areas\/imobiliario-e-servicos-turisticos\/\",\"url\":\"https:\/\/www.pestanagroup.com\/pt-pt\/pestana-group\/other-business-areas\/imobiliario-e-servicos-turisticos\/\",\"name\":\"Imobili\u00e1rio e Servi\u00e7os Tur\u00edsticos - Grupo Pestana\",\"isPartOf\":{\"@id\":\"https:\/\/www.pestanagroup.com\/pt-pt\/#website\"},\"primaryImageOfPage\":{\"@id\":\"https:\/\/www.pestanagroup.com\/pt-pt\/pestana-group\/other-business-areas\/imobiliario-e-servicos-turisticos\/#primaryimage\"},\"image\":{\"@id\":\"https:\/\/www.pestanagroup.com\/pt-pt\/pestana-group\/other-business-areas\/imobiliario-e-servicos-turisticos\/#primaryimage\"},\"thumbnailUrl\":\"https:\/\/www.pestanagroup.com\/wp-content\/uploads\/2017\/07\/header_marcas.jpg\",\"datePublished\":\"2021-04-01T12:11:34+00:00\",\"dateModified\":\"2023-01-11T13:00:34+00:00\",\"breadcrumb\":{\"@id\":\"https:\/\/www.pestanagroup.com\/pt-pt\/pestana-group\/other-business-areas\/imobiliario-e-servicos-turisticos\/#breadcrumb\"},\"inLanguage\":\"pt-PT\",\"potentialAction\":[{\"@type\":\"ReadAction\",\"target\":[\"https:\/\/www.pestanagroup.com\/pt-pt\/pestana-group\/other-business-areas\/imobiliario-e-servicos-turisticos\/\"]}]},{\"@type\":\"ImageObject\",\"inLanguage\":\"pt-PT\",\"@id\":\"https:\/\/www.pestanagroup.com\/pt-pt\/pestana-group\/other-business-areas\/imobiliario-e-servicos-turisticos\/#primaryimage\",\"url\":\"https:\/\/www.pestanagroup.com\/wp-content\/uploads\/2017\/07\/header_marcas.jpg\",\"contentUrl\":\"https:\/\/www.pestanagroup.com\/wp-content\/uploads\/2017\/07\/header_marcas.jpg\",\"width\":1600,\"height\":524},{\"@type\":\"BreadcrumbList\",\"@id\":\"https:\/\/www.pestanagroup.com\/pt-pt\/pestana-group\/other-business-areas\/imobiliario-e-servicos-turisticos\/#breadcrumb\",\"itemListElement\":[{\"@type\":\"ListItem\",\"position\":1,\"name\":\"Grupo Pestana\",\"item\":\"https:\/\/www.pestanagroup.com\/pt-pt\/pestana-group\/\"},{\"@type\":\"ListItem\",\"position\":2,\"name\":\"V\u00e1rias \u00c1reas de Neg\u00f3cio\",\"item\":\"https:\/\/www.pestanagroup.com\/pt-pt\/pestana-group\/other-business-areas\/\"},{\"@type\":\"ListItem\",\"position\":3,\"name\":\"Imobili\u00e1rio e Servi\u00e7os Tur\u00edsticos\"}]},{\"@type\":\"WebSite\",\"@id\":\"https:\/\/www.pestanagroup.com\/pt-pt\/#website\",\"url\":\"https:\/\/www.pestanagroup.com\/pt-pt\/\",\"name\":\"Grupo Pestana\",\"description\":\"The Time of Your Life\",\"potentialAction\":[{\"@type\":\"SearchAction\",\"target\":{\"@type\":\"EntryPoint\",\"urlTemplate\":\"https:\/\/www.pestanagroup.com\/pt-pt\/?s={search_term_string}\"},\"query-input\":{\"@type\":\"PropertyValueSpecification\",\"valueRequired\":true,\"valueName\":\"search_term_string\"}}],\"inLanguage\":\"pt-PT\"}]}<\/script>\n<!-- \/ Yoast SEO plugin. -->","yoast_head_json":{"title":"Imobili\u00e1rio e Servi\u00e7os Tur\u00edsticos - Grupo Pestana","robots":{"index":"index","follow":"follow","max-snippet":"max-snippet:-1","max-image-preview":"max-image-preview:large","max-video-preview":"max-video-preview:-1"},"canonical":"https:\/\/www.pestanagroup.com\/pt-pt\/pestana-group\/other-business-areas\/imobiliario-e-servicos-turisticos\/","og_locale":"pt_PT","og_type":"article","og_title":"Imobili\u00e1rio e Servi\u00e7os Tur\u00edsticos - Grupo Pestana","og_description":"Baseado nos princ\u00edpios da sustentabilidade, ao criar valor e preservar recursos para as gera\u00e7\u00f5es futuras, o Pestana Hotel Group tem vindo a desenvolver projetos \u00fanicos na \u00e1rea do imobili\u00e1rio, aos quais acrescentou a possibilidade de servi\u00e7os de explora\u00e7\u00e3o tur\u00edstica, que garantem um retorno adicional ao seu investimento. No Algarve, onde o Grupo iniciou os projetos... Ver artigo","og_url":"https:\/\/www.pestanagroup.com\/pt-pt\/pestana-group\/other-business-areas\/imobiliario-e-servicos-turisticos\/","og_site_name":"Grupo Pestana","article_modified_time":"2023-01-11T13:00:34+00:00","og_image":[{"width":1600,"height":524,"url":"https:\/\/www.pestanagroup.com\/wp-content\/uploads\/2017\/07\/header_marcas.jpg","type":"image\/jpeg"}],"twitter_card":"summary_large_image","twitter_misc":{"Tempo estimado de leitura":"2 minutos"},"schema":{"@context":"https:\/\/schema.org","@graph":[{"@type":"WebPage","@id":"https:\/\/www.pestanagroup.com\/pt-pt\/pestana-group\/other-business-areas\/imobiliario-e-servicos-turisticos\/","url":"https:\/\/www.pestanagroup.com\/pt-pt\/pestana-group\/other-business-areas\/imobiliario-e-servicos-turisticos\/","name":"Imobili\u00e1rio e Servi\u00e7os Tur\u00edsticos - Grupo Pestana","isPartOf":{"@id":"https:\/\/www.pestanagroup.com\/pt-pt\/#website"},"primaryImageOfPage":{"@id":"https:\/\/www.pestanagroup.com\/pt-pt\/pestana-group\/other-business-areas\/imobiliario-e-servicos-turisticos\/#primaryimage"},"image":{"@id":"https:\/\/www.pestanagroup.com\/pt-pt\/pestana-group\/other-business-areas\/imobiliario-e-servicos-turisticos\/#primaryimage"},"thumbnailUrl":"https:\/\/www.pestanagroup.com\/wp-content\/uploads\/2017\/07\/header_marcas.jpg","datePublished":"2021-04-01T12:11:34+00:00","dateModified":"2023-01-11T13:00:34+00:00","breadcrumb":{"@id":"https:\/\/www.pestanagroup.com\/pt-pt\/pestana-group\/other-business-areas\/imobiliario-e-servicos-turisticos\/#breadcrumb"},"inLanguage":"pt-PT","potentialAction":[{"@type":"ReadAction","target":["https:\/\/www.pestanagroup.com\/pt-pt\/pestana-group\/other-business-areas\/imobiliario-e-servicos-turisticos\/"]}]},{"@type":"ImageObject","inLanguage":"pt-PT","@id":"https:\/\/www.pestanagroup.com\/pt-pt\/pestana-group\/other-business-areas\/imobiliario-e-servicos-turisticos\/#primaryimage","url":"https:\/\/www.pestanagroup.com\/wp-content\/uploads\/2017\/07\/header_marcas.jpg","contentUrl":"https:\/\/www.pestanagroup.com\/wp-content\/uploads\/2017\/07\/header_marcas.jpg","width":1600,"height":524},{"@type":"BreadcrumbList","@id":"https:\/\/www.pestanagroup.com\/pt-pt\/pestana-group\/other-business-areas\/imobiliario-e-servicos-turisticos\/#breadcrumb","itemListElement":[{"@type":"ListItem","position":1,"name":"Grupo Pestana","item":"https:\/\/www.pestanagroup.com\/pt-pt\/pestana-group\/"},{"@type":"ListItem","position":2,"name":"V\u00e1rias \u00c1reas de Neg\u00f3cio","item":"https:\/\/www.pestanagroup.com\/pt-pt\/pestana-group\/other-business-areas\/"},{"@type":"ListItem","position":3,"name":"Imobili\u00e1rio e Servi\u00e7os Tur\u00edsticos"}]},{"@type":"WebSite","@id":"https:\/\/www.pestanagroup.com\/pt-pt\/#website","url":"https:\/\/www.pestanagroup.com\/pt-pt\/","name":"Grupo Pestana","description":"The Time of Your Life","potentialAction":[{"@type":"SearchAction","target":{"@type":"EntryPoint","urlTemplate":"https:\/\/www.pestanagroup.com\/pt-pt\/?s={search_term_string}"},"query-input":{"@type":"PropertyValueSpecification","valueRequired":true,"valueName":"search_term_string"}}],"inLanguage":"pt-PT"}]}},"publishpress_future_workflow_manual_trigger":{"enabledWorkflows":[]},"_links":{"self":[{"href":"https:\/\/www.pestanagroup.com\/pt-pt\/wp-json\/wp\/v2\/pages\/3510","targetHints":{"allow":["GET"]}}],"collection":[{"href":"https:\/\/www.pestanagroup.com\/pt-pt\/wp-json\/wp\/v2\/pages"}],"about":[{"href":"https:\/\/www.pestanagroup.com\/pt-pt\/wp-json\/wp\/v2\/types\/page"}],"author":[{"embeddable":true,"href":"https:\/\/www.pestanagroup.com\/pt-pt\/wp-json\/wp\/v2\/users\/30"}],"replies":[{"embeddable":true,"href":"https:\/\/www.pestanagroup.com\/pt-pt\/wp-json\/wp\/v2\/comments?post=3510"}],"version-history":[{"count":8,"href":"https:\/\/www.pestanagroup.com\/pt-pt\/wp-json\/wp\/v2\/pages\/3510\/revisions"}],"predecessor-version":[{"id":4952,"href":"https:\/\/www.pestanagroup.com\/pt-pt\/wp-json\/wp\/v2\/pages\/3510\/revisions\/4952"}],"up":[{"embeddable":true,"href":"https:\/\/www.pestanagroup.com\/pt-pt\/wp-json\/wp\/v2\/pages\/1217"}],"wp:featuredmedia":[{"embeddable":true,"href":"https:\/\/www.pestanagroup.com\/pt-pt\/wp-json\/wp\/v2\/media\/901"}],"wp:attachment":[{"href":"https:\/\/www.pestanagroup.com\/pt-pt\/wp-json\/wp\/v2\/media?parent=3510"}],"curies":[{"name":"wp","href":"https:\/\/api.w.org\/{rel}","templated":true}]}}