{"id":140,"date":"2017-07-17T10:51:41","date_gmt":"2017-07-17T10:51:41","guid":{"rendered":"https:\/\/www.pestanagroup.com\/?page_id=140"},"modified":"2023-01-11T13:00:08","modified_gmt":"2023-01-11T13:00:08","slug":"benefits","status":"publish","type":"page","link":"https:\/\/www.pestanagroup.com\/pt-pt\/benefits\/","title":{"rendered":"Vantagens"},"content":{"rendered":"<p><strong>Opera\u00e7\u00e3o<\/strong> \u2013 Os \u201cShared Services\u201d do Pestana oferecem uma ampla gama de suporte para os seus hot\u00e9is. Auxilia todos os processos administrativos e melhora o valor de neg\u00f3cio em todas as \u00e1reas: Vendas e Marketing, Reservas e \u201cRevenue Management\u201d, Finan\u00e7as, IT, Recursos Humanos e outras \u00e1reas relevantes. Atrav\u00e9s da combina\u00e7\u00e3o destes servi\u00e7os, oferecemos um alto n\u00edvel de controle de custos e efici\u00eancia geral do neg\u00f3cio.<\/p>\n<p><strong>Desenvolvimento<\/strong> &#8211; Esta \u00e1rea re\u00fane uma equipa de arquitectos, designers e engenheiros com compet\u00eancias multidisciplinares, optimizando os custos de desenvolvimento de um novo projecto hoteleiro para o Pestana Hotel Group ou para os nossos parceiros.<br \/>\nUm hist\u00f3rico de mais de 44 anos em novos programas de desenvolvimento e renova\u00e7\u00e3o.<\/p>\n","protected":false},"excerpt":{"rendered":"Opera\u00e7\u00e3o \u2013 Os \u201cShared Services\u201d do Pestana oferecem uma ampla gama de suporte para os seus hot\u00e9is. Auxilia todos os processos administrativos e melhora o valor de neg\u00f3cio em todas as \u00e1reas: Vendas e Marketing, Reservas e \u201cRevenue Management\u201d, Finan\u00e7as, IT, Recursos Humanos e outras \u00e1reas relevantes. Atrav\u00e9s da combina\u00e7\u00e3o destes servi\u00e7os, oferecemos um alto&#8230; <a class=\"view-article\" href=\"https:\/\/www.pestanagroup.com\/pt-pt\/benefits\/\">Ver artigo<\/a>","protected":false},"author":33,"featured_media":425,"parent":0,"menu_order":0,"comment_status":"closed","ping_status":"closed","template":"","meta":{"footnotes":""},"class_list":["post-140","page","type-page","status-publish","has-post-thumbnail","hentry"],"yoast_head":"<!-- This site is optimized with the Yoast SEO plugin v25.4 - https:\/\/yoast.com\/wordpress\/plugins\/seo\/ -->\n<title>Vantagens - Grupo Pestana<\/title>\n<meta name=\"robots\" content=\"index, follow, max-snippet:-1, max-image-preview:large, max-video-preview:-1\" \/>\n<link rel=\"canonical\" href=\"https:\/\/www.pestanagroup.com\/pt-pt\/benefits\/\" \/>\n<meta property=\"og:locale\" content=\"pt_PT\" \/>\n<meta property=\"og:type\" content=\"article\" \/>\n<meta property=\"og:title\" content=\"Vantagens - Grupo Pestana\" \/>\n<meta property=\"og:description\" content=\"Opera\u00e7\u00e3o \u2013 Os \u201cShared Services\u201d do Pestana oferecem uma ampla gama de suporte para os seus hot\u00e9is. Auxilia todos os processos administrativos e melhora o valor de neg\u00f3cio em todas as \u00e1reas: Vendas e Marketing, Reservas e \u201cRevenue Management\u201d, Finan\u00e7as, IT, Recursos Humanos e outras \u00e1reas relevantes. Atrav\u00e9s da combina\u00e7\u00e3o destes servi\u00e7os, oferecemos um alto... Ver artigo\" \/>\n<meta property=\"og:url\" content=\"https:\/\/www.pestanagroup.com\/pt-pt\/benefits\/\" \/>\n<meta property=\"og:site_name\" content=\"Grupo Pestana\" \/>\n<meta property=\"article:modified_time\" content=\"2023-01-11T13:00:08+00:00\" \/>\n<meta property=\"og:image\" content=\"https:\/\/www.pestanagroup.com\/wp-content\/uploads\/2017\/06\/Business-Development-Vantagens-1.jpg\" \/>\n\t<meta property=\"og:image:width\" content=\"2464\" \/>\n\t<meta property=\"og:image:height\" content=\"1640\" \/>\n\t<meta property=\"og:image:type\" content=\"image\/jpeg\" \/>\n<meta name=\"twitter:card\" content=\"summary_large_image\" \/>\n<meta name=\"twitter:label1\" content=\"Tempo estimado de leitura\" \/>\n\t<meta name=\"twitter:data1\" content=\"1 minuto\" \/>\n<script type=\"application\/ld+json\" class=\"yoast-schema-graph\">{\"@context\":\"https:\/\/schema.org\",\"@graph\":[{\"@type\":\"WebPage\",\"@id\":\"https:\/\/www.pestanagroup.com\/pt-pt\/benefits\/\",\"url\":\"https:\/\/www.pestanagroup.com\/pt-pt\/benefits\/\",\"name\":\"Vantagens - Grupo Pestana\",\"isPartOf\":{\"@id\":\"https:\/\/www.pestanagroup.com\/pt-pt\/#website\"},\"primaryImageOfPage\":{\"@id\":\"https:\/\/www.pestanagroup.com\/pt-pt\/benefits\/#primaryimage\"},\"image\":{\"@id\":\"https:\/\/www.pestanagroup.com\/pt-pt\/benefits\/#primaryimage\"},\"thumbnailUrl\":\"https:\/\/www.pestanagroup.com\/wp-content\/uploads\/2017\/06\/Business-Development-Vantagens-1.jpg\",\"datePublished\":\"2017-07-17T10:51:41+00:00\",\"dateModified\":\"2023-01-11T13:00:08+00:00\",\"inLanguage\":\"pt-PT\",\"potentialAction\":[{\"@type\":\"ReadAction\",\"target\":[\"https:\/\/www.pestanagroup.com\/pt-pt\/benefits\/\"]}]},{\"@type\":\"ImageObject\",\"inLanguage\":\"pt-PT\",\"@id\":\"https:\/\/www.pestanagroup.com\/pt-pt\/benefits\/#primaryimage\",\"url\":\"https:\/\/www.pestanagroup.com\/wp-content\/uploads\/2017\/06\/Business-Development-Vantagens-1.jpg\",\"contentUrl\":\"https:\/\/www.pestanagroup.com\/wp-content\/uploads\/2017\/06\/Business-Development-Vantagens-1.jpg\",\"width\":2464,\"height\":1640},{\"@type\":\"WebSite\",\"@id\":\"https:\/\/www.pestanagroup.com\/pt-pt\/#website\",\"url\":\"https:\/\/www.pestanagroup.com\/pt-pt\/\",\"name\":\"Grupo Pestana\",\"description\":\"The Time of Your Life\",\"potentialAction\":[{\"@type\":\"SearchAction\",\"target\":{\"@type\":\"EntryPoint\",\"urlTemplate\":\"https:\/\/www.pestanagroup.com\/pt-pt\/?s={search_term_string}\"},\"query-input\":{\"@type\":\"PropertyValueSpecification\",\"valueRequired\":true,\"valueName\":\"search_term_string\"}}],\"inLanguage\":\"pt-PT\"}]}<\/script>\n<!-- \/ Yoast SEO plugin. -->","yoast_head_json":{"title":"Vantagens - Grupo Pestana","robots":{"index":"index","follow":"follow","max-snippet":"max-snippet:-1","max-image-preview":"max-image-preview:large","max-video-preview":"max-video-preview:-1"},"canonical":"https:\/\/www.pestanagroup.com\/pt-pt\/benefits\/","og_locale":"pt_PT","og_type":"article","og_title":"Vantagens - Grupo Pestana","og_description":"Opera\u00e7\u00e3o \u2013 Os \u201cShared Services\u201d do Pestana oferecem uma ampla gama de suporte para os seus hot\u00e9is. Auxilia todos os processos administrativos e melhora o valor de neg\u00f3cio em todas as \u00e1reas: Vendas e Marketing, Reservas e \u201cRevenue Management\u201d, Finan\u00e7as, IT, Recursos Humanos e outras \u00e1reas relevantes. Atrav\u00e9s da combina\u00e7\u00e3o destes servi\u00e7os, oferecemos um alto... Ver artigo","og_url":"https:\/\/www.pestanagroup.com\/pt-pt\/benefits\/","og_site_name":"Grupo Pestana","article_modified_time":"2023-01-11T13:00:08+00:00","og_image":[{"width":2464,"height":1640,"url":"https:\/\/www.pestanagroup.com\/wp-content\/uploads\/2017\/06\/Business-Development-Vantagens-1.jpg","type":"image\/jpeg"}],"twitter_card":"summary_large_image","twitter_misc":{"Tempo estimado de leitura":"1 minuto"},"schema":{"@context":"https:\/\/schema.org","@graph":[{"@type":"WebPage","@id":"https:\/\/www.pestanagroup.com\/pt-pt\/benefits\/","url":"https:\/\/www.pestanagroup.com\/pt-pt\/benefits\/","name":"Vantagens - Grupo Pestana","isPartOf":{"@id":"https:\/\/www.pestanagroup.com\/pt-pt\/#website"},"primaryImageOfPage":{"@id":"https:\/\/www.pestanagroup.com\/pt-pt\/benefits\/#primaryimage"},"image":{"@id":"https:\/\/www.pestanagroup.com\/pt-pt\/benefits\/#primaryimage"},"thumbnailUrl":"https:\/\/www.pestanagroup.com\/wp-content\/uploads\/2017\/06\/Business-Development-Vantagens-1.jpg","datePublished":"2017-07-17T10:51:41+00:00","dateModified":"2023-01-11T13:00:08+00:00","inLanguage":"pt-PT","potentialAction":[{"@type":"ReadAction","target":["https:\/\/www.pestanagroup.com\/pt-pt\/benefits\/"]}]},{"@type":"ImageObject","inLanguage":"pt-PT","@id":"https:\/\/www.pestanagroup.com\/pt-pt\/benefits\/#primaryimage","url":"https:\/\/www.pestanagroup.com\/wp-content\/uploads\/2017\/06\/Business-Development-Vantagens-1.jpg","contentUrl":"https:\/\/www.pestanagroup.com\/wp-content\/uploads\/2017\/06\/Business-Development-Vantagens-1.jpg","width":2464,"height":1640},{"@type":"WebSite","@id":"https:\/\/www.pestanagroup.com\/pt-pt\/#website","url":"https:\/\/www.pestanagroup.com\/pt-pt\/","name":"Grupo Pestana","description":"The Time of Your Life","potentialAction":[{"@type":"SearchAction","target":{"@type":"EntryPoint","urlTemplate":"https:\/\/www.pestanagroup.com\/pt-pt\/?s={search_term_string}"},"query-input":{"@type":"PropertyValueSpecification","valueRequired":true,"valueName":"search_term_string"}}],"inLanguage":"pt-PT"}]}},"publishpress_future_workflow_manual_trigger":{"enabledWorkflows":[]},"_links":{"self":[{"href":"https:\/\/www.pestanagroup.com\/pt-pt\/wp-json\/wp\/v2\/pages\/140","targetHints":{"allow":["GET"]}}],"collection":[{"href":"https:\/\/www.pestanagroup.com\/pt-pt\/wp-json\/wp\/v2\/pages"}],"about":[{"href":"https:\/\/www.pestanagroup.com\/pt-pt\/wp-json\/wp\/v2\/types\/page"}],"author":[{"embeddable":true,"href":"https:\/\/www.pestanagroup.com\/pt-pt\/wp-json\/wp\/v2\/users\/33"}],"replies":[{"embeddable":true,"href":"https:\/\/www.pestanagroup.com\/pt-pt\/wp-json\/wp\/v2\/comments?post=140"}],"version-history":[{"count":3,"href":"https:\/\/www.pestanagroup.com\/pt-pt\/wp-json\/wp\/v2\/pages\/140\/revisions"}],"predecessor-version":[{"id":4888,"href":"https:\/\/www.pestanagroup.com\/pt-pt\/wp-json\/wp\/v2\/pages\/140\/revisions\/4888"}],"wp:featuredmedia":[{"embeddable":true,"href":"https:\/\/www.pestanagroup.com\/pt-pt\/wp-json\/wp\/v2\/media\/425"}],"wp:attachment":[{"href":"https:\/\/www.pestanagroup.com\/pt-pt\/wp-json\/wp\/v2\/media?parent=140"}],"curies":[{"name":"wp","href":"https:\/\/api.w.org\/{rel}","templated":true}]}}