{"id":124,"date":"2017-07-17T10:33:46","date_gmt":"2017-07-17T10:33:46","guid":{"rendered":"https:\/\/www.pestanagroup.com\/?page_id=124"},"modified":"2023-01-11T13:00:06","modified_gmt":"2023-01-11T13:00:06","slug":"outras-areas-de-negocio","status":"publish","type":"page","link":"https:\/\/www.pestanagroup.com\/pt-pt\/outras-areas-de-negocio\/","title":{"rendered":"Outras \u00e1reas de neg\u00f3cio"},"content":{"rendered":"<div class=\"imagensLaterais\">\n<p><img loading=\"lazy\" decoding=\"async\" width=\"800\" height=\"532\" class=\"alignnone size-medium wp-image-406\" src=\"\/wp-content\/uploads\/2017\/07\/\u00c1reas-de-Neg\u00f3cio-Vacation-Club-1-800x532.jpg\" alt=\"\" srcset=\"https:\/\/www.pestanagroup.com\/wp-content\/uploads\/2017\/07\/\u00c1reas-de-Neg\u00f3cio-Vacation-Club-1-800x532.jpg 800w, https:\/\/www.pestanagroup.com\/wp-content\/uploads\/2017\/07\/\u00c1reas-de-Neg\u00f3cio-Vacation-Club-1-768x511.jpg 768w, https:\/\/www.pestanagroup.com\/wp-content\/uploads\/2017\/07\/\u00c1reas-de-Neg\u00f3cio-Vacation-Club-1-1175x782.jpg 1175w, https:\/\/www.pestanagroup.com\/wp-content\/uploads\/2017\/07\/\u00c1reas-de-Neg\u00f3cio-Vacation-Club-1-580x386.jpg 580w\" sizes=\"auto, (max-width: 800px) 100vw, 800px\" \/><\/p>\n<\/div>\n<p><strong>Pestana Vacation Club &#8211; F\u00e9rias para &#8220;toda a vida&#8221;. Recompensas e privil\u00e9gios exclusivos com o programa de fideliza\u00e7\u00e3o.<\/strong><br \/>\nEste programa exclusivo oferece aos seus membros as melhores op\u00e7\u00f5es de f\u00e9rias em treze resorts Pestana localizados ao longo das costas do Algarve e da Madeira, ou um dos 87 hot\u00e9is e Pousadas espalhados por quatro continentes.<br \/>\nA excel\u00eancia do produto e servi\u00e7o conquistou a lealdade de mais de 30.000 fam\u00edlias ao longo de quase quatro d\u00e9cadas.<\/p>\n<p>&nbsp;<\/p>\n<p>&nbsp;<\/p>\n<p>&nbsp;<\/p>\n<div class=\"imagensLaterais\">\n<p>&nbsp;<\/p>\n<p>&nbsp;<\/p>\n<p><img loading=\"lazy\" decoding=\"async\" width=\"800\" height=\"533\" class=\"size-medium wp-image-409 alignleft\" src=\"\/wp-content\/uploads\/2017\/07\/\u00c1reas-de-Neg\u00f3cio-Golf-800x533.jpg\" alt=\"\" srcset=\"https:\/\/www.pestanagroup.com\/wp-content\/uploads\/2017\/07\/\u00c1reas-de-Neg\u00f3cio-Golf-800x533.jpg 800w, https:\/\/www.pestanagroup.com\/wp-content\/uploads\/2017\/07\/\u00c1reas-de-Neg\u00f3cio-Golf-768x512.jpg 768w, https:\/\/www.pestanagroup.com\/wp-content\/uploads\/2017\/07\/\u00c1reas-de-Neg\u00f3cio-Golf-1175x783.jpg 1175w, https:\/\/www.pestanagroup.com\/wp-content\/uploads\/2017\/07\/\u00c1reas-de-Neg\u00f3cio-Golf-580x387.jpg 580w\" sizes=\"auto, (max-width: 800px) 100vw, 800px\" \/><\/p>\n<\/div>\n<p><strong>Golf &#8211; Campos de golfe de classe mundial. Locais fabulosos. Resorts fant\u00e1sticos.<br \/>\n<\/strong> A prestigiosa marca de golfe do Grupo Pestana oferece 5 courts no Algarve e 1 em Sintra, que incluem v\u00e1rios campeonatos. Em lugares fant\u00e1sticos e em perfeita harmonia com o meio ambiente, espere encontrar o design do golfe superior por Ronald Fream e o ex campe\u00e3o Nick Price no Vale da Pinta e no Gramacho, um desafiante jogo de Sir Henry Cotton no Alto Golf, dois courts magn\u00edficos de Donlad Steel no Pestana Vila Sol e um desafio agrad\u00e1vel para os golfistas de todos os n\u00edveis no Pestana Sintra, nas montanhas do Campo da Beloura, a 20 minutos de Lisboa.<\/p>\n<p>&nbsp;<\/p>\n<p>&nbsp;<\/p>\n<div class=\"imagensLaterais\">\n<p>&nbsp;<\/p>\n<p>&nbsp;<\/p>\n<p>&nbsp;<\/p>\n<p><img loading=\"lazy\" decoding=\"async\" width=\"800\" height=\"533\" class=\"alignnone size-medium wp-image-410\" src=\"\/wp-content\/uploads\/2017\/07\/\u00c1reas-de-Neg\u00f3cio-Real-Estate-800x533.jpg\" alt=\"\" srcset=\"https:\/\/www.pestanagroup.com\/wp-content\/uploads\/2017\/07\/\u00c1reas-de-Neg\u00f3cio-Real-Estate-800x533.jpg 800w, https:\/\/www.pestanagroup.com\/wp-content\/uploads\/2017\/07\/\u00c1reas-de-Neg\u00f3cio-Real-Estate-768x512.jpg 768w, https:\/\/www.pestanagroup.com\/wp-content\/uploads\/2017\/07\/\u00c1reas-de-Neg\u00f3cio-Real-Estate-1175x783.jpg 1175w, https:\/\/www.pestanagroup.com\/wp-content\/uploads\/2017\/07\/\u00c1reas-de-Neg\u00f3cio-Real-Estate-580x387.jpg 580w, https:\/\/www.pestanagroup.com\/wp-content\/uploads\/2017\/07\/\u00c1reas-de-Neg\u00f3cio-Real-Estate.jpg 1200w\" sizes=\"auto, (max-width: 800px) 100vw, 800px\" \/><\/p>\n<\/div>\n<p><strong>Real Estate &#8211; Rentabilidade sustent\u00e1vel. Preserva\u00e7\u00e3o futura.<\/strong><br \/>\nCom base em princ\u00edpios r\u00edgidos de sustentabilidade, agregando valos e preservando recursos para gera\u00e7\u00f5es futuras, o Pestana Residences \u00e9 a \u00e1rea imobili\u00e1ria do Grupo que oferece uma grande variedade de op\u00e7\u00f5es para uma segunda casa no Algarve, no Pestana Carvoeiro Golf Resort, nas proximidades dos campos de Golf do Gramacho, Vale da Pinta ou Silves Golf Resorts, entre outros.<br \/>\nMais perto de Lisboa, o Pestana Troia Eco-Resort \u00e9 um empreendimento inovador premiado pela perfeita harmonia com o ecossistema de reserva natural numa propriedade de 100ha onde somente 5% ser\u00e3o constru\u00eddos e 95% permanecer\u00e3o reservas ecol\u00f3gicas e \u00e1reas verdes protegidas. Todas as propriedades s\u00e3o a uma curta dist\u00e2ncia da praia.<\/p>\n<p>&nbsp;<\/p>\n<div class=\"imagensLaterais\">\n<p>&nbsp;<\/p>\n<p>&nbsp;<\/p>\n<p>&nbsp;<\/p>\n<p>&nbsp;<\/p>\n<p><strong><span style=\"color: #ff0000;\">FALTA IMAGEM<\/span><\/strong><\/p>\n<\/div>\n<p><strong>Casino &#8211; Entretenimento sofisticado<\/strong><br \/>\nO melhor lugar da Madeira para jogos, espect\u00e1culos e vida noturna. Um projecto do famoso e premiado arquiteto Oscar Niemeyer, o Casino da Madeira foi adquirido pelo Grupo Pestana em 1985 e \u00e9 um marco da arquitetura mundial incontest\u00e1vel.<\/p>\n<p>&nbsp;<\/p>\n<div class=\"imagensLaterais\">\n<p>&nbsp;<\/p>\n<p>&nbsp;<\/p>\n<p>&nbsp;<\/p>\n<p><img loading=\"lazy\" decoding=\"async\" width=\"800\" height=\"533\" class=\"alignnone size-medium wp-image-411\" src=\"\/wp-content\/uploads\/2017\/07\/\u00c1reas-de-Neg\u00f3cio-International-Business-Centre-800x533.jpg\" alt=\"\" srcset=\"https:\/\/www.pestanagroup.com\/wp-content\/uploads\/2017\/07\/\u00c1reas-de-Neg\u00f3cio-International-Business-Centre-800x533.jpg 800w, https:\/\/www.pestanagroup.com\/wp-content\/uploads\/2017\/07\/\u00c1reas-de-Neg\u00f3cio-International-Business-Centre-768x512.jpg 768w, https:\/\/www.pestanagroup.com\/wp-content\/uploads\/2017\/07\/\u00c1reas-de-Neg\u00f3cio-International-Business-Centre-1175x783.jpg 1175w, https:\/\/www.pestanagroup.com\/wp-content\/uploads\/2017\/07\/\u00c1reas-de-Neg\u00f3cio-International-Business-Centre-580x387.jpg 580w, https:\/\/www.pestanagroup.com\/wp-content\/uploads\/2017\/07\/\u00c1reas-de-Neg\u00f3cio-International-Business-Centre.jpg 1772w\" sizes=\"auto, (max-width: 800px) 100vw, 800px\" \/><\/p>\n<\/div>\n<p><strong>International Business Centre<\/strong> Industrial Free Zone, Registro Internacional de Expedi\u00e7\u00e3o e Servi\u00e7os Internacionais s\u00e3o as instala\u00e7\u00f5es fornecidas pelo Centro Internacional de Neg\u00f3cios da Madeira, um projeto conjunto do Grupo Pestana com o Governo da Madeira para diversificar e modernizar a economia local.<\/p>\n<p>&nbsp;<\/p>\n<p>&nbsp;<\/p>\n<p>&nbsp;<\/p>\n<p>&nbsp;<\/p>\n<p>&nbsp;<\/p>\n<div class=\"imagensLaterais\">\n<p>&nbsp;<\/p>\n<p>&nbsp;<\/p>\n<p>&nbsp;<\/p>\n<p>&nbsp;<\/p>\n<p><img loading=\"lazy\" decoding=\"async\" width=\"800\" height=\"533\" class=\"alignnone size-medium wp-image-412\" src=\"\/wp-content\/uploads\/2017\/07\/\u00c1reas-de-Neg\u00f3cio-Brewery-and-Drinks-800x533.jpg\" alt=\"\" srcset=\"https:\/\/www.pestanagroup.com\/wp-content\/uploads\/2017\/07\/\u00c1reas-de-Neg\u00f3cio-Brewery-and-Drinks-800x533.jpg 800w, https:\/\/www.pestanagroup.com\/wp-content\/uploads\/2017\/07\/\u00c1reas-de-Neg\u00f3cio-Brewery-and-Drinks-768x512.jpg 768w, https:\/\/www.pestanagroup.com\/wp-content\/uploads\/2017\/07\/\u00c1reas-de-Neg\u00f3cio-Brewery-and-Drinks-580x386.jpg 580w, https:\/\/www.pestanagroup.com\/wp-content\/uploads\/2017\/07\/\u00c1reas-de-Neg\u00f3cio-Brewery-and-Drinks.jpg 1024w\" sizes=\"auto, (max-width: 800px) 100vw, 800px\" \/><\/p>\n<\/div>\n<p>&nbsp;<\/p>\n<p><strong>Brewery and Drinks<\/strong><br \/>\nA Empresa de Cervejas da Madeira (ECM) integra no portf\u00f3lio Pestana em 1994. Fundada em 1872, \u00e9 uma das empresas mais prestigiadas da ilha produzindo cerveja, refrigerantes, sumos, \u00e1gua e vinhos.<\/p>\n","protected":false},"excerpt":{"rendered":"Pestana Vacation Club &#8211; F\u00e9rias para &#8220;toda a vida&#8221;. Recompensas e privil\u00e9gios exclusivos com o programa de fideliza\u00e7\u00e3o. Este programa exclusivo oferece aos seus membros as melhores op\u00e7\u00f5es de f\u00e9rias em treze resorts Pestana localizados ao longo das costas do Algarve e da Madeira, ou um dos 87 hot\u00e9is e Pousadas espalhados por quatro continentes&#8230;. <a class=\"view-article\" href=\"https:\/\/www.pestanagroup.com\/pt-pt\/outras-areas-de-negocio\/\">Ver artigo<\/a>","protected":false},"author":33,"featured_media":414,"parent":0,"menu_order":0,"comment_status":"closed","ping_status":"closed","template":"","meta":{"footnotes":""},"class_list":["post-124","page","type-page","status-publish","has-post-thumbnail","hentry"],"yoast_head":"<!-- This site is optimized with the Yoast SEO plugin v25.4 - https:\/\/yoast.com\/wordpress\/plugins\/seo\/ -->\n<title>Outras \u00e1reas de neg\u00f3cio - Grupo Pestana<\/title>\n<meta name=\"robots\" content=\"index, follow, max-snippet:-1, max-image-preview:large, max-video-preview:-1\" \/>\n<link rel=\"canonical\" href=\"https:\/\/www.pestanagroup.com\/pt-pt\/outras-areas-de-negocio\/\" \/>\n<meta property=\"og:locale\" content=\"pt_PT\" \/>\n<meta property=\"og:type\" content=\"article\" \/>\n<meta property=\"og:title\" content=\"Outras \u00e1reas de neg\u00f3cio - Grupo Pestana\" \/>\n<meta property=\"og:description\" content=\"Pestana Vacation Club &#8211; F\u00e9rias para &#8220;toda a vida&#8221;. Recompensas e privil\u00e9gios exclusivos com o programa de fideliza\u00e7\u00e3o. Este programa exclusivo oferece aos seus membros as melhores op\u00e7\u00f5es de f\u00e9rias em treze resorts Pestana localizados ao longo das costas do Algarve e da Madeira, ou um dos 87 hot\u00e9is e Pousadas espalhados por quatro continentes.... Ver artigo\" \/>\n<meta property=\"og:url\" content=\"https:\/\/www.pestanagroup.com\/pt-pt\/outras-areas-de-negocio\/\" \/>\n<meta property=\"og:site_name\" content=\"Grupo Pestana\" \/>\n<meta property=\"article:modified_time\" content=\"2023-01-11T13:00:06+00:00\" \/>\n<meta property=\"og:image\" content=\"https:\/\/www.pestanagroup.com\/wp-content\/uploads\/2017\/07\/Grupo-Pestana-\u00c1reas-de-Neg\u00f3gio.jpg\" \/>\n\t<meta property=\"og:image:width\" content=\"2957\" \/>\n\t<meta property=\"og:image:height\" content=\"1968\" \/>\n\t<meta property=\"og:image:type\" content=\"image\/jpeg\" \/>\n<meta name=\"twitter:card\" content=\"summary_large_image\" \/>\n<meta name=\"twitter:label1\" content=\"Tempo estimado de leitura\" \/>\n\t<meta name=\"twitter:data1\" content=\"2 minutos\" \/>\n<script type=\"application\/ld+json\" class=\"yoast-schema-graph\">{\"@context\":\"https:\/\/schema.org\",\"@graph\":[{\"@type\":\"WebPage\",\"@id\":\"https:\/\/www.pestanagroup.com\/pt-pt\/outras-areas-de-negocio\/\",\"url\":\"https:\/\/www.pestanagroup.com\/pt-pt\/outras-areas-de-negocio\/\",\"name\":\"Outras \u00e1reas de neg\u00f3cio - Grupo Pestana\",\"isPartOf\":{\"@id\":\"https:\/\/www.pestanagroup.com\/pt-pt\/#website\"},\"primaryImageOfPage\":{\"@id\":\"https:\/\/www.pestanagroup.com\/pt-pt\/outras-areas-de-negocio\/#primaryimage\"},\"image\":{\"@id\":\"https:\/\/www.pestanagroup.com\/pt-pt\/outras-areas-de-negocio\/#primaryimage\"},\"thumbnailUrl\":\"https:\/\/www.pestanagroup.com\/wp-content\/uploads\/2017\/07\/Grupo-Pestana-\u00c1reas-de-Neg\u00f3gio.jpg\",\"datePublished\":\"2017-07-17T10:33:46+00:00\",\"dateModified\":\"2023-01-11T13:00:06+00:00\",\"inLanguage\":\"pt-PT\",\"potentialAction\":[{\"@type\":\"ReadAction\",\"target\":[\"https:\/\/www.pestanagroup.com\/pt-pt\/outras-areas-de-negocio\/\"]}]},{\"@type\":\"ImageObject\",\"inLanguage\":\"pt-PT\",\"@id\":\"https:\/\/www.pestanagroup.com\/pt-pt\/outras-areas-de-negocio\/#primaryimage\",\"url\":\"https:\/\/www.pestanagroup.com\/wp-content\/uploads\/2017\/07\/Grupo-Pestana-\u00c1reas-de-Neg\u00f3gio.jpg\",\"contentUrl\":\"https:\/\/www.pestanagroup.com\/wp-content\/uploads\/2017\/07\/Grupo-Pestana-\u00c1reas-de-Neg\u00f3gio.jpg\",\"width\":2957,\"height\":1968},{\"@type\":\"WebSite\",\"@id\":\"https:\/\/www.pestanagroup.com\/pt-pt\/#website\",\"url\":\"https:\/\/www.pestanagroup.com\/pt-pt\/\",\"name\":\"Grupo Pestana\",\"description\":\"The Time of Your Life\",\"potentialAction\":[{\"@type\":\"SearchAction\",\"target\":{\"@type\":\"EntryPoint\",\"urlTemplate\":\"https:\/\/www.pestanagroup.com\/pt-pt\/?s={search_term_string}\"},\"query-input\":{\"@type\":\"PropertyValueSpecification\",\"valueRequired\":true,\"valueName\":\"search_term_string\"}}],\"inLanguage\":\"pt-PT\"}]}<\/script>\n<!-- \/ Yoast SEO plugin. -->","yoast_head_json":{"title":"Outras \u00e1reas de neg\u00f3cio - Grupo Pestana","robots":{"index":"index","follow":"follow","max-snippet":"max-snippet:-1","max-image-preview":"max-image-preview:large","max-video-preview":"max-video-preview:-1"},"canonical":"https:\/\/www.pestanagroup.com\/pt-pt\/outras-areas-de-negocio\/","og_locale":"pt_PT","og_type":"article","og_title":"Outras \u00e1reas de neg\u00f3cio - Grupo Pestana","og_description":"Pestana Vacation Club &#8211; F\u00e9rias para &#8220;toda a vida&#8221;. Recompensas e privil\u00e9gios exclusivos com o programa de fideliza\u00e7\u00e3o. Este programa exclusivo oferece aos seus membros as melhores op\u00e7\u00f5es de f\u00e9rias em treze resorts Pestana localizados ao longo das costas do Algarve e da Madeira, ou um dos 87 hot\u00e9is e Pousadas espalhados por quatro continentes.... Ver artigo","og_url":"https:\/\/www.pestanagroup.com\/pt-pt\/outras-areas-de-negocio\/","og_site_name":"Grupo Pestana","article_modified_time":"2023-01-11T13:00:06+00:00","og_image":[{"width":2957,"height":1968,"url":"https:\/\/www.pestanagroup.com\/wp-content\/uploads\/2017\/07\/Grupo-Pestana-\u00c1reas-de-Neg\u00f3gio.jpg","type":"image\/jpeg"}],"twitter_card":"summary_large_image","twitter_misc":{"Tempo estimado de leitura":"2 minutos"},"schema":{"@context":"https:\/\/schema.org","@graph":[{"@type":"WebPage","@id":"https:\/\/www.pestanagroup.com\/pt-pt\/outras-areas-de-negocio\/","url":"https:\/\/www.pestanagroup.com\/pt-pt\/outras-areas-de-negocio\/","name":"Outras \u00e1reas de neg\u00f3cio - Grupo Pestana","isPartOf":{"@id":"https:\/\/www.pestanagroup.com\/pt-pt\/#website"},"primaryImageOfPage":{"@id":"https:\/\/www.pestanagroup.com\/pt-pt\/outras-areas-de-negocio\/#primaryimage"},"image":{"@id":"https:\/\/www.pestanagroup.com\/pt-pt\/outras-areas-de-negocio\/#primaryimage"},"thumbnailUrl":"https:\/\/www.pestanagroup.com\/wp-content\/uploads\/2017\/07\/Grupo-Pestana-\u00c1reas-de-Neg\u00f3gio.jpg","datePublished":"2017-07-17T10:33:46+00:00","dateModified":"2023-01-11T13:00:06+00:00","inLanguage":"pt-PT","potentialAction":[{"@type":"ReadAction","target":["https:\/\/www.pestanagroup.com\/pt-pt\/outras-areas-de-negocio\/"]}]},{"@type":"ImageObject","inLanguage":"pt-PT","@id":"https:\/\/www.pestanagroup.com\/pt-pt\/outras-areas-de-negocio\/#primaryimage","url":"https:\/\/www.pestanagroup.com\/wp-content\/uploads\/2017\/07\/Grupo-Pestana-\u00c1reas-de-Neg\u00f3gio.jpg","contentUrl":"https:\/\/www.pestanagroup.com\/wp-content\/uploads\/2017\/07\/Grupo-Pestana-\u00c1reas-de-Neg\u00f3gio.jpg","width":2957,"height":1968},{"@type":"WebSite","@id":"https:\/\/www.pestanagroup.com\/pt-pt\/#website","url":"https:\/\/www.pestanagroup.com\/pt-pt\/","name":"Grupo Pestana","description":"The Time of Your Life","potentialAction":[{"@type":"SearchAction","target":{"@type":"EntryPoint","urlTemplate":"https:\/\/www.pestanagroup.com\/pt-pt\/?s={search_term_string}"},"query-input":{"@type":"PropertyValueSpecification","valueRequired":true,"valueName":"search_term_string"}}],"inLanguage":"pt-PT"}]}},"publishpress_future_workflow_manual_trigger":{"enabledWorkflows":[]},"_links":{"self":[{"href":"https:\/\/www.pestanagroup.com\/pt-pt\/wp-json\/wp\/v2\/pages\/124","targetHints":{"allow":["GET"]}}],"collection":[{"href":"https:\/\/www.pestanagroup.com\/pt-pt\/wp-json\/wp\/v2\/pages"}],"about":[{"href":"https:\/\/www.pestanagroup.com\/pt-pt\/wp-json\/wp\/v2\/types\/page"}],"author":[{"embeddable":true,"href":"https:\/\/www.pestanagroup.com\/pt-pt\/wp-json\/wp\/v2\/users\/33"}],"replies":[{"embeddable":true,"href":"https:\/\/www.pestanagroup.com\/pt-pt\/wp-json\/wp\/v2\/comments?post=124"}],"version-history":[{"count":31,"href":"https:\/\/www.pestanagroup.com\/pt-pt\/wp-json\/wp\/v2\/pages\/124\/revisions"}],"predecessor-version":[{"id":4882,"href":"https:\/\/www.pestanagroup.com\/pt-pt\/wp-json\/wp\/v2\/pages\/124\/revisions\/4882"}],"wp:featuredmedia":[{"embeddable":true,"href":"https:\/\/www.pestanagroup.com\/pt-pt\/wp-json\/wp\/v2\/media\/414"}],"wp:attachment":[{"href":"https:\/\/www.pestanagroup.com\/pt-pt\/wp-json\/wp\/v2\/media?parent=124"}],"curies":[{"name":"wp","href":"https:\/\/api.w.org\/{rel}","templated":true}]}}