{"id":122,"date":"2017-07-17T10:31:22","date_gmt":"2017-07-17T10:31:22","guid":{"rendered":"https:\/\/www.pestanagroup.com\/?page_id=122"},"modified":"2023-01-11T13:00:03","modified_gmt":"2023-01-11T13:00:03","slug":"brands","status":"publish","type":"page","link":"https:\/\/www.pestanagroup.com\/pt-pt\/brands\/","title":{"rendered":"Marcas"},"content":{"rendered":"<p>&nbsp;<\/p>\n<p><strong>Pestana Hotels &amp; Resorts &#8211; Cosmopolitan hotels &amp; Paradise resorts<\/strong><br \/>\nFant\u00e1sticos resorts \u201cespalhados\u201d por todo o mundo, este portf\u00f3lio de 50 hot\u00e9is sofisticados, de quatro e cinco estrelas, est\u00e3o localizados em 4 continentes: Europa, \u00c1frica, Am\u00e9rica do Norte e Am\u00e9rica do Sul, nas cidades mais cosmopolitas do mundo.<\/p>\n<p>&nbsp;<\/p>\n<p>&nbsp;<\/p>\n<p><strong>Pestana Pousadas de Portugal &#8211; \u00danicos hot\u00e9is do Patrim\u00f3nio Portugu\u00eas<\/strong><br \/>\nCastelos, Pal\u00e1cios, Mosteiros, salas de Reis e quartos de rainhas&#8230; As Pousadas de Portugal do Grupo Pestana, oferecem a experi\u00eancia imersiva de estar nas propriedades mais hist\u00f3ricas e ic\u00f3nicas do pa\u00eds, sejam elas castelos, pal\u00e1cios, fortes, mosteiros ou conventos. Autenticamente portuguesas de cora\u00e7\u00e3o, a gest\u00e3o destas 34 Pousadas foram concebidas ao Grupo Pestana, pelo governo portugu\u00eas em 2003.<\/p>\n<p>&nbsp;<\/p>\n<p>&nbsp;<\/p>\n<p><strong>Pestana Collection Hotels &#8211; Sele\u00e7\u00e3o de Luxo<\/strong><br \/>\nUma premiada sele\u00e7\u00e3o de 4 Unidades que apresentam o melhor da hospitalidade em Portugal. Localizadas em Lisboa, Cascais e Porto, todas as propriedades est\u00e3o inseridas em luxuosos edif\u00edcios e monumentos, todos eles situados em locais privilegiados. Tesouros escondidos, agora descobertos, que oferecem experi\u00eancias \u00fanicas e enriquecedoras em propriedades hist\u00f3ricas e surpreendentes.<\/p>\n<p>&nbsp;<\/p>\n<p>&nbsp;<\/p>\n<p><strong>Pestana CR7 Lifestyle Hotels &#8211; Vibrante. Exclusivo. Urbano. \u00danico<\/strong><br \/>\nA nova marca Lifestyle \u00e9 a combina\u00e7\u00e3o perfeita entre a experi\u00eancia hoteleira do Grupo Pestana e o estilo de vida de Cristiano Ronaldo (CR7). Individual, elegante e situado em locais excepcionais, o Funchal e Lisboa foram as primeiras localidades escolhidas pela marca, seguindo-se pela abertura dos hot\u00e9is em Madrid e em Nova Iorque.<\/p>\n<p>&nbsp;<\/p>\n","protected":false},"excerpt":{"rendered":"&nbsp; Pestana Hotels &amp; Resorts &#8211; Cosmopolitan hotels &amp; Paradise resorts Fant\u00e1sticos resorts \u201cespalhados\u201d por todo o mundo, este portf\u00f3lio de 50 hot\u00e9is sofisticados, de quatro e cinco estrelas, est\u00e3o localizados em 4 continentes: Europa, \u00c1frica, Am\u00e9rica do Norte e Am\u00e9rica do Sul, nas cidades mais cosmopolitas do mundo. &nbsp; &nbsp; Pestana Pousadas de Portugal&#8230; <a class=\"view-article\" href=\"https:\/\/www.pestanagroup.com\/pt-pt\/brands\/\">Ver artigo<\/a>","protected":false},"author":33,"featured_media":394,"parent":0,"menu_order":0,"comment_status":"closed","ping_status":"closed","template":"","meta":{"footnotes":""},"class_list":["post-122","page","type-page","status-publish","has-post-thumbnail","hentry"],"yoast_head":"<!-- This site is optimized with the Yoast SEO plugin v25.4 - https:\/\/yoast.com\/wordpress\/plugins\/seo\/ -->\n<title>Marcas - Grupo Pestana<\/title>\n<meta name=\"robots\" content=\"index, follow, max-snippet:-1, max-image-preview:large, max-video-preview:-1\" \/>\n<link rel=\"canonical\" href=\"https:\/\/www.pestanagroup.com\/pt-pt\/brands\/\" \/>\n<meta property=\"og:locale\" content=\"pt_PT\" \/>\n<meta property=\"og:type\" content=\"article\" \/>\n<meta property=\"og:title\" content=\"Marcas - Grupo Pestana\" \/>\n<meta property=\"og:description\" content=\"&nbsp; Pestana Hotels &amp; Resorts &#8211; Cosmopolitan hotels &amp; Paradise resorts Fant\u00e1sticos resorts \u201cespalhados\u201d por todo o mundo, este portf\u00f3lio de 50 hot\u00e9is sofisticados, de quatro e cinco estrelas, est\u00e3o localizados em 4 continentes: Europa, \u00c1frica, Am\u00e9rica do Norte e Am\u00e9rica do Sul, nas cidades mais cosmopolitas do mundo. &nbsp; &nbsp; Pestana Pousadas de Portugal... Ver artigo\" \/>\n<meta property=\"og:url\" content=\"https:\/\/www.pestanagroup.com\/pt-pt\/brands\/\" \/>\n<meta property=\"og:site_name\" content=\"Grupo Pestana\" \/>\n<meta property=\"article:modified_time\" content=\"2023-01-11T13:00:03+00:00\" \/>\n<meta property=\"og:image\" content=\"https:\/\/www.pestanagroup.com\/wp-content\/uploads\/2017\/06\/Grupo-Pestana-Marcas.jpg\" \/>\n\t<meta property=\"og:image:width\" content=\"2996\" \/>\n\t<meta property=\"og:image:height\" content=\"1798\" \/>\n\t<meta property=\"og:image:type\" content=\"image\/jpeg\" \/>\n<meta name=\"twitter:card\" content=\"summary_large_image\" \/>\n<meta name=\"twitter:label1\" content=\"Tempo estimado de leitura\" \/>\n\t<meta name=\"twitter:data1\" content=\"1 minuto\" \/>\n<script type=\"application\/ld+json\" class=\"yoast-schema-graph\">{\"@context\":\"https:\/\/schema.org\",\"@graph\":[{\"@type\":\"WebPage\",\"@id\":\"https:\/\/www.pestanagroup.com\/pt-pt\/brands\/\",\"url\":\"https:\/\/www.pestanagroup.com\/pt-pt\/brands\/\",\"name\":\"Marcas - Grupo Pestana\",\"isPartOf\":{\"@id\":\"https:\/\/www.pestanagroup.com\/pt-pt\/#website\"},\"primaryImageOfPage\":{\"@id\":\"https:\/\/www.pestanagroup.com\/pt-pt\/brands\/#primaryimage\"},\"image\":{\"@id\":\"https:\/\/www.pestanagroup.com\/pt-pt\/brands\/#primaryimage\"},\"thumbnailUrl\":\"https:\/\/www.pestanagroup.com\/wp-content\/uploads\/2017\/06\/Grupo-Pestana-Marcas.jpg\",\"datePublished\":\"2017-07-17T10:31:22+00:00\",\"dateModified\":\"2023-01-11T13:00:03+00:00\",\"inLanguage\":\"pt-PT\",\"potentialAction\":[{\"@type\":\"ReadAction\",\"target\":[\"https:\/\/www.pestanagroup.com\/pt-pt\/brands\/\"]}]},{\"@type\":\"ImageObject\",\"inLanguage\":\"pt-PT\",\"@id\":\"https:\/\/www.pestanagroup.com\/pt-pt\/brands\/#primaryimage\",\"url\":\"https:\/\/www.pestanagroup.com\/wp-content\/uploads\/2017\/06\/Grupo-Pestana-Marcas.jpg\",\"contentUrl\":\"https:\/\/www.pestanagroup.com\/wp-content\/uploads\/2017\/06\/Grupo-Pestana-Marcas.jpg\",\"width\":2996,\"height\":1798},{\"@type\":\"WebSite\",\"@id\":\"https:\/\/www.pestanagroup.com\/pt-pt\/#website\",\"url\":\"https:\/\/www.pestanagroup.com\/pt-pt\/\",\"name\":\"Grupo Pestana\",\"description\":\"The Time of Your Life\",\"potentialAction\":[{\"@type\":\"SearchAction\",\"target\":{\"@type\":\"EntryPoint\",\"urlTemplate\":\"https:\/\/www.pestanagroup.com\/pt-pt\/?s={search_term_string}\"},\"query-input\":{\"@type\":\"PropertyValueSpecification\",\"valueRequired\":true,\"valueName\":\"search_term_string\"}}],\"inLanguage\":\"pt-PT\"}]}<\/script>\n<!-- \/ Yoast SEO plugin. -->","yoast_head_json":{"title":"Marcas - Grupo Pestana","robots":{"index":"index","follow":"follow","max-snippet":"max-snippet:-1","max-image-preview":"max-image-preview:large","max-video-preview":"max-video-preview:-1"},"canonical":"https:\/\/www.pestanagroup.com\/pt-pt\/brands\/","og_locale":"pt_PT","og_type":"article","og_title":"Marcas - Grupo Pestana","og_description":"&nbsp; Pestana Hotels &amp; Resorts &#8211; Cosmopolitan hotels &amp; Paradise resorts Fant\u00e1sticos resorts \u201cespalhados\u201d por todo o mundo, este portf\u00f3lio de 50 hot\u00e9is sofisticados, de quatro e cinco estrelas, est\u00e3o localizados em 4 continentes: Europa, \u00c1frica, Am\u00e9rica do Norte e Am\u00e9rica do Sul, nas cidades mais cosmopolitas do mundo. &nbsp; &nbsp; Pestana Pousadas de Portugal... Ver artigo","og_url":"https:\/\/www.pestanagroup.com\/pt-pt\/brands\/","og_site_name":"Grupo Pestana","article_modified_time":"2023-01-11T13:00:03+00:00","og_image":[{"width":2996,"height":1798,"url":"https:\/\/www.pestanagroup.com\/wp-content\/uploads\/2017\/06\/Grupo-Pestana-Marcas.jpg","type":"image\/jpeg"}],"twitter_card":"summary_large_image","twitter_misc":{"Tempo estimado de leitura":"1 minuto"},"schema":{"@context":"https:\/\/schema.org","@graph":[{"@type":"WebPage","@id":"https:\/\/www.pestanagroup.com\/pt-pt\/brands\/","url":"https:\/\/www.pestanagroup.com\/pt-pt\/brands\/","name":"Marcas - Grupo Pestana","isPartOf":{"@id":"https:\/\/www.pestanagroup.com\/pt-pt\/#website"},"primaryImageOfPage":{"@id":"https:\/\/www.pestanagroup.com\/pt-pt\/brands\/#primaryimage"},"image":{"@id":"https:\/\/www.pestanagroup.com\/pt-pt\/brands\/#primaryimage"},"thumbnailUrl":"https:\/\/www.pestanagroup.com\/wp-content\/uploads\/2017\/06\/Grupo-Pestana-Marcas.jpg","datePublished":"2017-07-17T10:31:22+00:00","dateModified":"2023-01-11T13:00:03+00:00","inLanguage":"pt-PT","potentialAction":[{"@type":"ReadAction","target":["https:\/\/www.pestanagroup.com\/pt-pt\/brands\/"]}]},{"@type":"ImageObject","inLanguage":"pt-PT","@id":"https:\/\/www.pestanagroup.com\/pt-pt\/brands\/#primaryimage","url":"https:\/\/www.pestanagroup.com\/wp-content\/uploads\/2017\/06\/Grupo-Pestana-Marcas.jpg","contentUrl":"https:\/\/www.pestanagroup.com\/wp-content\/uploads\/2017\/06\/Grupo-Pestana-Marcas.jpg","width":2996,"height":1798},{"@type":"WebSite","@id":"https:\/\/www.pestanagroup.com\/pt-pt\/#website","url":"https:\/\/www.pestanagroup.com\/pt-pt\/","name":"Grupo Pestana","description":"The Time of Your Life","potentialAction":[{"@type":"SearchAction","target":{"@type":"EntryPoint","urlTemplate":"https:\/\/www.pestanagroup.com\/pt-pt\/?s={search_term_string}"},"query-input":{"@type":"PropertyValueSpecification","valueRequired":true,"valueName":"search_term_string"}}],"inLanguage":"pt-PT"}]}},"publishpress_future_workflow_manual_trigger":{"enabledWorkflows":[]},"_links":{"self":[{"href":"https:\/\/www.pestanagroup.com\/pt-pt\/wp-json\/wp\/v2\/pages\/122","targetHints":{"allow":["GET"]}}],"collection":[{"href":"https:\/\/www.pestanagroup.com\/pt-pt\/wp-json\/wp\/v2\/pages"}],"about":[{"href":"https:\/\/www.pestanagroup.com\/pt-pt\/wp-json\/wp\/v2\/types\/page"}],"author":[{"embeddable":true,"href":"https:\/\/www.pestanagroup.com\/pt-pt\/wp-json\/wp\/v2\/users\/33"}],"replies":[{"embeddable":true,"href":"https:\/\/www.pestanagroup.com\/pt-pt\/wp-json\/wp\/v2\/comments?post=122"}],"version-history":[{"count":6,"href":"https:\/\/www.pestanagroup.com\/pt-pt\/wp-json\/wp\/v2\/pages\/122\/revisions"}],"predecessor-version":[{"id":4880,"href":"https:\/\/www.pestanagroup.com\/pt-pt\/wp-json\/wp\/v2\/pages\/122\/revisions\/4880"}],"wp:featuredmedia":[{"embeddable":true,"href":"https:\/\/www.pestanagroup.com\/pt-pt\/wp-json\/wp\/v2\/media\/394"}],"wp:attachment":[{"href":"https:\/\/www.pestanagroup.com\/pt-pt\/wp-json\/wp\/v2\/media?parent=122"}],"curies":[{"name":"wp","href":"https:\/\/api.w.org\/{rel}","templated":true}]}}