{"id":1217,"date":"2017-08-19T19:46:38","date_gmt":"2017-08-19T18:46:38","guid":{"rendered":"https:\/\/www.pestanagroup.com\/?page_id=1217"},"modified":"2023-01-11T13:00:28","modified_gmt":"2023-01-11T13:00:28","slug":"other-business-areas","status":"publish","type":"page","link":"https:\/\/www.pestanagroup.com\/pt-pt\/pestana-group\/other-business-areas\/","title":{"rendered":"V\u00e1rias \u00c1reas de Neg\u00f3cio"},"content":{"rendered":"<p>Outras \u00e1reas de neg\u00f3cio complementam e completam o foco do grupo em hotelaria tais como golfe, imobili\u00e1rio tur\u00edstico e residencial, turismo vacacional e casinos.<\/p>\n","protected":false},"excerpt":{"rendered":"Outras \u00e1reas de neg\u00f3cio complementam e completam o foco do grupo em hotelaria tais como golfe, imobili\u00e1rio tur\u00edstico e residencial, turismo vacacional e casinos.","protected":false},"author":33,"featured_media":901,"parent":732,"menu_order":0,"comment_status":"closed","ping_status":"closed","template":"areas_negocio.php","meta":{"footnotes":""},"class_list":["post-1217","page","type-page","status-publish","has-post-thumbnail","hentry"],"yoast_head":"<!-- This site is optimized with the Yoast SEO plugin v25.4 - https:\/\/yoast.com\/wordpress\/plugins\/seo\/ -->\n<title>V\u00e1rias \u00c1reas de Neg\u00f3cio - Grupo Pestana<\/title>\n<meta name=\"robots\" content=\"index, follow, max-snippet:-1, max-image-preview:large, max-video-preview:-1\" \/>\n<link rel=\"canonical\" href=\"https:\/\/www.pestanagroup.com\/pt-pt\/pestana-group\/other-business-areas\/\" \/>\n<meta property=\"og:locale\" content=\"pt_PT\" \/>\n<meta property=\"og:type\" content=\"article\" \/>\n<meta property=\"og:title\" content=\"V\u00e1rias \u00c1reas de Neg\u00f3cio - Grupo Pestana\" \/>\n<meta property=\"og:description\" content=\"Outras \u00e1reas de neg\u00f3cio complementam e completam o foco do grupo em hotelaria tais como golfe, imobili\u00e1rio tur\u00edstico e residencial, turismo vacacional e casinos.\" \/>\n<meta property=\"og:url\" content=\"https:\/\/www.pestanagroup.com\/pt-pt\/pestana-group\/other-business-areas\/\" \/>\n<meta property=\"og:site_name\" content=\"Grupo Pestana\" \/>\n<meta property=\"article:modified_time\" content=\"2023-01-11T13:00:28+00:00\" \/>\n<meta property=\"og:image\" content=\"https:\/\/www.pestanagroup.com\/wp-content\/uploads\/2017\/07\/header_marcas.jpg\" \/>\n\t<meta property=\"og:image:width\" content=\"1600\" \/>\n\t<meta property=\"og:image:height\" content=\"524\" \/>\n\t<meta property=\"og:image:type\" content=\"image\/jpeg\" \/>\n<meta name=\"twitter:card\" content=\"summary_large_image\" \/>\n<meta name=\"twitter:label1\" content=\"Tempo estimado de leitura\" \/>\n\t<meta name=\"twitter:data1\" content=\"1 minuto\" \/>\n<script type=\"application\/ld+json\" class=\"yoast-schema-graph\">{\"@context\":\"https:\/\/schema.org\",\"@graph\":[{\"@type\":\"WebPage\",\"@id\":\"https:\/\/www.pestanagroup.com\/pt-pt\/pestana-group\/other-business-areas\/\",\"url\":\"https:\/\/www.pestanagroup.com\/pt-pt\/pestana-group\/other-business-areas\/\",\"name\":\"V\u00e1rias \u00c1reas de Neg\u00f3cio - Grupo Pestana\",\"isPartOf\":{\"@id\":\"https:\/\/www.pestanagroup.com\/pt-pt\/#website\"},\"primaryImageOfPage\":{\"@id\":\"https:\/\/www.pestanagroup.com\/pt-pt\/pestana-group\/other-business-areas\/#primaryimage\"},\"image\":{\"@id\":\"https:\/\/www.pestanagroup.com\/pt-pt\/pestana-group\/other-business-areas\/#primaryimage\"},\"thumbnailUrl\":\"https:\/\/www.pestanagroup.com\/wp-content\/uploads\/2017\/07\/header_marcas.jpg\",\"datePublished\":\"2017-08-19T18:46:38+00:00\",\"dateModified\":\"2023-01-11T13:00:28+00:00\",\"breadcrumb\":{\"@id\":\"https:\/\/www.pestanagroup.com\/pt-pt\/pestana-group\/other-business-areas\/#breadcrumb\"},\"inLanguage\":\"pt-PT\",\"potentialAction\":[{\"@type\":\"ReadAction\",\"target\":[\"https:\/\/www.pestanagroup.com\/pt-pt\/pestana-group\/other-business-areas\/\"]}]},{\"@type\":\"ImageObject\",\"inLanguage\":\"pt-PT\",\"@id\":\"https:\/\/www.pestanagroup.com\/pt-pt\/pestana-group\/other-business-areas\/#primaryimage\",\"url\":\"https:\/\/www.pestanagroup.com\/wp-content\/uploads\/2017\/07\/header_marcas.jpg\",\"contentUrl\":\"https:\/\/www.pestanagroup.com\/wp-content\/uploads\/2017\/07\/header_marcas.jpg\",\"width\":1600,\"height\":524},{\"@type\":\"BreadcrumbList\",\"@id\":\"https:\/\/www.pestanagroup.com\/pt-pt\/pestana-group\/other-business-areas\/#breadcrumb\",\"itemListElement\":[{\"@type\":\"ListItem\",\"position\":1,\"name\":\"Grupo Pestana\",\"item\":\"https:\/\/www.pestanagroup.com\/pt-pt\/pestana-group\/\"},{\"@type\":\"ListItem\",\"position\":2,\"name\":\"V\u00e1rias \u00c1reas de Neg\u00f3cio\"}]},{\"@type\":\"WebSite\",\"@id\":\"https:\/\/www.pestanagroup.com\/pt-pt\/#website\",\"url\":\"https:\/\/www.pestanagroup.com\/pt-pt\/\",\"name\":\"Grupo Pestana\",\"description\":\"The Time of Your Life\",\"potentialAction\":[{\"@type\":\"SearchAction\",\"target\":{\"@type\":\"EntryPoint\",\"urlTemplate\":\"https:\/\/www.pestanagroup.com\/pt-pt\/?s={search_term_string}\"},\"query-input\":{\"@type\":\"PropertyValueSpecification\",\"valueRequired\":true,\"valueName\":\"search_term_string\"}}],\"inLanguage\":\"pt-PT\"}]}<\/script>\n<!-- \/ Yoast SEO plugin. -->","yoast_head_json":{"title":"V\u00e1rias \u00c1reas de Neg\u00f3cio - Grupo Pestana","robots":{"index":"index","follow":"follow","max-snippet":"max-snippet:-1","max-image-preview":"max-image-preview:large","max-video-preview":"max-video-preview:-1"},"canonical":"https:\/\/www.pestanagroup.com\/pt-pt\/pestana-group\/other-business-areas\/","og_locale":"pt_PT","og_type":"article","og_title":"V\u00e1rias \u00c1reas de Neg\u00f3cio - Grupo Pestana","og_description":"Outras \u00e1reas de neg\u00f3cio complementam e completam o foco do grupo em hotelaria tais como golfe, imobili\u00e1rio tur\u00edstico e residencial, turismo vacacional e casinos.","og_url":"https:\/\/www.pestanagroup.com\/pt-pt\/pestana-group\/other-business-areas\/","og_site_name":"Grupo Pestana","article_modified_time":"2023-01-11T13:00:28+00:00","og_image":[{"width":1600,"height":524,"url":"https:\/\/www.pestanagroup.com\/wp-content\/uploads\/2017\/07\/header_marcas.jpg","type":"image\/jpeg"}],"twitter_card":"summary_large_image","twitter_misc":{"Tempo estimado de leitura":"1 minuto"},"schema":{"@context":"https:\/\/schema.org","@graph":[{"@type":"WebPage","@id":"https:\/\/www.pestanagroup.com\/pt-pt\/pestana-group\/other-business-areas\/","url":"https:\/\/www.pestanagroup.com\/pt-pt\/pestana-group\/other-business-areas\/","name":"V\u00e1rias \u00c1reas de Neg\u00f3cio - Grupo Pestana","isPartOf":{"@id":"https:\/\/www.pestanagroup.com\/pt-pt\/#website"},"primaryImageOfPage":{"@id":"https:\/\/www.pestanagroup.com\/pt-pt\/pestana-group\/other-business-areas\/#primaryimage"},"image":{"@id":"https:\/\/www.pestanagroup.com\/pt-pt\/pestana-group\/other-business-areas\/#primaryimage"},"thumbnailUrl":"https:\/\/www.pestanagroup.com\/wp-content\/uploads\/2017\/07\/header_marcas.jpg","datePublished":"2017-08-19T18:46:38+00:00","dateModified":"2023-01-11T13:00:28+00:00","breadcrumb":{"@id":"https:\/\/www.pestanagroup.com\/pt-pt\/pestana-group\/other-business-areas\/#breadcrumb"},"inLanguage":"pt-PT","potentialAction":[{"@type":"ReadAction","target":["https:\/\/www.pestanagroup.com\/pt-pt\/pestana-group\/other-business-areas\/"]}]},{"@type":"ImageObject","inLanguage":"pt-PT","@id":"https:\/\/www.pestanagroup.com\/pt-pt\/pestana-group\/other-business-areas\/#primaryimage","url":"https:\/\/www.pestanagroup.com\/wp-content\/uploads\/2017\/07\/header_marcas.jpg","contentUrl":"https:\/\/www.pestanagroup.com\/wp-content\/uploads\/2017\/07\/header_marcas.jpg","width":1600,"height":524},{"@type":"BreadcrumbList","@id":"https:\/\/www.pestanagroup.com\/pt-pt\/pestana-group\/other-business-areas\/#breadcrumb","itemListElement":[{"@type":"ListItem","position":1,"name":"Grupo Pestana","item":"https:\/\/www.pestanagroup.com\/pt-pt\/pestana-group\/"},{"@type":"ListItem","position":2,"name":"V\u00e1rias \u00c1reas de Neg\u00f3cio"}]},{"@type":"WebSite","@id":"https:\/\/www.pestanagroup.com\/pt-pt\/#website","url":"https:\/\/www.pestanagroup.com\/pt-pt\/","name":"Grupo Pestana","description":"The Time of Your Life","potentialAction":[{"@type":"SearchAction","target":{"@type":"EntryPoint","urlTemplate":"https:\/\/www.pestanagroup.com\/pt-pt\/?s={search_term_string}"},"query-input":{"@type":"PropertyValueSpecification","valueRequired":true,"valueName":"search_term_string"}}],"inLanguage":"pt-PT"}]}},"publishpress_future_workflow_manual_trigger":{"enabledWorkflows":[]},"_links":{"self":[{"href":"https:\/\/www.pestanagroup.com\/pt-pt\/wp-json\/wp\/v2\/pages\/1217","targetHints":{"allow":["GET"]}}],"collection":[{"href":"https:\/\/www.pestanagroup.com\/pt-pt\/wp-json\/wp\/v2\/pages"}],"about":[{"href":"https:\/\/www.pestanagroup.com\/pt-pt\/wp-json\/wp\/v2\/types\/page"}],"author":[{"embeddable":true,"href":"https:\/\/www.pestanagroup.com\/pt-pt\/wp-json\/wp\/v2\/users\/33"}],"replies":[{"embeddable":true,"href":"https:\/\/www.pestanagroup.com\/pt-pt\/wp-json\/wp\/v2\/comments?post=1217"}],"version-history":[{"count":10,"href":"https:\/\/www.pestanagroup.com\/pt-pt\/wp-json\/wp\/v2\/pages\/1217\/revisions"}],"predecessor-version":[{"id":4936,"href":"https:\/\/www.pestanagroup.com\/pt-pt\/wp-json\/wp\/v2\/pages\/1217\/revisions\/4936"}],"up":[{"embeddable":true,"href":"https:\/\/www.pestanagroup.com\/pt-pt\/wp-json\/wp\/v2\/pages\/732"}],"wp:featuredmedia":[{"embeddable":true,"href":"https:\/\/www.pestanagroup.com\/pt-pt\/wp-json\/wp\/v2\/media\/901"}],"wp:attachment":[{"href":"https:\/\/www.pestanagroup.com\/pt-pt\/wp-json\/wp\/v2\/media?parent=1217"}],"curies":[{"name":"wp","href":"https:\/\/api.w.org\/{rel}","templated":true}]}}