{"id":115,"date":"2017-07-17T10:00:05","date_gmt":"2017-07-17T09:00:05","guid":{"rendered":"https:\/\/www.pestanagroup.com\/?page_id=115"},"modified":"2022-06-17T13:08:32","modified_gmt":"2022-06-17T12:08:32","slug":"overview","status":"publish","type":"page","link":"https:\/\/www.pestanagroup.com\/pt-pt\/overview\/","title":{"rendered":"Overview"},"content":{"rendered":"<p><span style=\"font-size: medium;\"><span lang=\"en-US\">AT PESTANA WE BELIEVE THE WORLD WOULD BE A BETTER PLACE IF EVERYONE HAD THE TIME OF THEIR LIVES<\/span><\/span><\/p>\n<p><span style=\"font-size: medium; color: #ff6600;\">(No Pestana acreditamos que o mundo seria um lugar melhor se todos tiverem o tempo das suas vidas.) -&gt; ANTIGO<\/span><\/p>\n<p><iframe loading=\"lazy\" src=\"https:\/\/www.youtube.com\/embed\/mpwlQ-CKa84\" width=\"560\" height=\"315\" frameborder=\"0\" allowfullscreen=\"allowfullscreen\"><\/iframe><\/p>\n<p><span style=\"font-size: medium;\"><span lang=\"en-US\">O PESTANA HOTEL GROUP \u00e9 o maior grupo multinacional de origem portuguesa no sector do Turismo, est\u00e1 presente em 15 pa\u00edses, det\u00e9m mais de 10.500 quartos sob gest\u00e3o directa, conta com uma equipa global de 7.000 profissionais e \u00e9 eleito por mais de 3 milh\u00f5es de Clientes\/ano.<\/span><\/span><\/p>\n","protected":false},"excerpt":{"rendered":"AT PESTANA WE BELIEVE THE WORLD WOULD BE A BETTER PLACE IF EVERYONE HAD THE TIME OF THEIR LIVES (No Pestana acreditamos que o mundo seria um lugar melhor se todos tiverem o tempo das suas vidas.) -&gt; ANTIGO O PESTANA HOTEL GROUP \u00e9 o maior grupo multinacional de origem portuguesa no sector do Turismo,&#8230; <a class=\"view-article\" href=\"https:\/\/www.pestanagroup.com\/pt-pt\/overview\/\">Ver artigo<\/a>","protected":false},"author":33,"featured_media":283,"parent":0,"menu_order":0,"comment_status":"closed","ping_status":"closed","template":"","meta":{"footnotes":""},"class_list":["post-115","page","type-page","status-publish","has-post-thumbnail","hentry"],"yoast_head":"<!-- This site is optimized with the Yoast SEO plugin v25.4 - https:\/\/yoast.com\/wordpress\/plugins\/seo\/ -->\n<title>Overview - Grupo Pestana<\/title>\n<meta name=\"robots\" content=\"index, follow, max-snippet:-1, max-image-preview:large, max-video-preview:-1\" \/>\n<link rel=\"canonical\" href=\"https:\/\/www.pestanagroup.com\/pt-pt\/overview\/\" \/>\n<meta property=\"og:locale\" content=\"pt_PT\" \/>\n<meta property=\"og:type\" content=\"article\" \/>\n<meta property=\"og:title\" content=\"Overview - Grupo Pestana\" \/>\n<meta property=\"og:description\" content=\"AT PESTANA WE BELIEVE THE WORLD WOULD BE A BETTER PLACE IF EVERYONE HAD THE TIME OF THEIR LIVES (No Pestana acreditamos que o mundo seria um lugar melhor se todos tiverem o tempo das suas vidas.) -&gt; ANTIGO O PESTANA HOTEL GROUP \u00e9 o maior grupo multinacional de origem portuguesa no sector do Turismo,... Ver artigo\" \/>\n<meta property=\"og:url\" content=\"https:\/\/www.pestanagroup.com\/pt-pt\/overview\/\" \/>\n<meta property=\"og:site_name\" content=\"Grupo Pestana\" \/>\n<meta property=\"article:modified_time\" content=\"2022-06-17T12:08:32+00:00\" \/>\n<meta property=\"og:image\" content=\"https:\/\/www.pestanagroup.com\/wp-content\/uploads\/2017\/07\/Grupo-Pestana-Overview.jpg\" \/>\n\t<meta property=\"og:image:width\" content=\"2996\" \/>\n\t<meta property=\"og:image:height\" content=\"2000\" \/>\n\t<meta property=\"og:image:type\" content=\"image\/jpeg\" \/>\n<meta name=\"twitter:card\" content=\"summary_large_image\" \/>\n<script type=\"application\/ld+json\" class=\"yoast-schema-graph\">{\"@context\":\"https:\/\/schema.org\",\"@graph\":[{\"@type\":\"WebPage\",\"@id\":\"https:\/\/www.pestanagroup.com\/pt-pt\/overview\/\",\"url\":\"https:\/\/www.pestanagroup.com\/pt-pt\/overview\/\",\"name\":\"Overview - Grupo Pestana\",\"isPartOf\":{\"@id\":\"https:\/\/www.pestanagroup.com\/pt-pt\/#website\"},\"primaryImageOfPage\":{\"@id\":\"https:\/\/www.pestanagroup.com\/pt-pt\/overview\/#primaryimage\"},\"image\":{\"@id\":\"https:\/\/www.pestanagroup.com\/pt-pt\/overview\/#primaryimage\"},\"thumbnailUrl\":\"https:\/\/www.pestanagroup.com\/wp-content\/uploads\/2017\/07\/Grupo-Pestana-Overview.jpg\",\"datePublished\":\"2017-07-17T09:00:05+00:00\",\"dateModified\":\"2022-06-17T12:08:32+00:00\",\"inLanguage\":\"pt-PT\",\"potentialAction\":[{\"@type\":\"ReadAction\",\"target\":[\"https:\/\/www.pestanagroup.com\/pt-pt\/overview\/\"]}]},{\"@type\":\"ImageObject\",\"inLanguage\":\"pt-PT\",\"@id\":\"https:\/\/www.pestanagroup.com\/pt-pt\/overview\/#primaryimage\",\"url\":\"https:\/\/www.pestanagroup.com\/wp-content\/uploads\/2017\/07\/Grupo-Pestana-Overview.jpg\",\"contentUrl\":\"https:\/\/www.pestanagroup.com\/wp-content\/uploads\/2017\/07\/Grupo-Pestana-Overview.jpg\",\"width\":2996,\"height\":2000},{\"@type\":\"WebSite\",\"@id\":\"https:\/\/www.pestanagroup.com\/pt-pt\/#website\",\"url\":\"https:\/\/www.pestanagroup.com\/pt-pt\/\",\"name\":\"Grupo Pestana\",\"description\":\"The Time of Your Life\",\"potentialAction\":[{\"@type\":\"SearchAction\",\"target\":{\"@type\":\"EntryPoint\",\"urlTemplate\":\"https:\/\/www.pestanagroup.com\/pt-pt\/?s={search_term_string}\"},\"query-input\":{\"@type\":\"PropertyValueSpecification\",\"valueRequired\":true,\"valueName\":\"search_term_string\"}}],\"inLanguage\":\"pt-PT\"}]}<\/script>\n<!-- \/ Yoast SEO plugin. -->","yoast_head_json":{"title":"Overview - Grupo Pestana","robots":{"index":"index","follow":"follow","max-snippet":"max-snippet:-1","max-image-preview":"max-image-preview:large","max-video-preview":"max-video-preview:-1"},"canonical":"https:\/\/www.pestanagroup.com\/pt-pt\/overview\/","og_locale":"pt_PT","og_type":"article","og_title":"Overview - Grupo Pestana","og_description":"AT PESTANA WE BELIEVE THE WORLD WOULD BE A BETTER PLACE IF EVERYONE HAD THE TIME OF THEIR LIVES (No Pestana acreditamos que o mundo seria um lugar melhor se todos tiverem o tempo das suas vidas.) -&gt; ANTIGO O PESTANA HOTEL GROUP \u00e9 o maior grupo multinacional de origem portuguesa no sector do Turismo,... Ver artigo","og_url":"https:\/\/www.pestanagroup.com\/pt-pt\/overview\/","og_site_name":"Grupo Pestana","article_modified_time":"2022-06-17T12:08:32+00:00","og_image":[{"width":2996,"height":2000,"url":"https:\/\/www.pestanagroup.com\/wp-content\/uploads\/2017\/07\/Grupo-Pestana-Overview.jpg","type":"image\/jpeg"}],"twitter_card":"summary_large_image","schema":{"@context":"https:\/\/schema.org","@graph":[{"@type":"WebPage","@id":"https:\/\/www.pestanagroup.com\/pt-pt\/overview\/","url":"https:\/\/www.pestanagroup.com\/pt-pt\/overview\/","name":"Overview - Grupo Pestana","isPartOf":{"@id":"https:\/\/www.pestanagroup.com\/pt-pt\/#website"},"primaryImageOfPage":{"@id":"https:\/\/www.pestanagroup.com\/pt-pt\/overview\/#primaryimage"},"image":{"@id":"https:\/\/www.pestanagroup.com\/pt-pt\/overview\/#primaryimage"},"thumbnailUrl":"https:\/\/www.pestanagroup.com\/wp-content\/uploads\/2017\/07\/Grupo-Pestana-Overview.jpg","datePublished":"2017-07-17T09:00:05+00:00","dateModified":"2022-06-17T12:08:32+00:00","inLanguage":"pt-PT","potentialAction":[{"@type":"ReadAction","target":["https:\/\/www.pestanagroup.com\/pt-pt\/overview\/"]}]},{"@type":"ImageObject","inLanguage":"pt-PT","@id":"https:\/\/www.pestanagroup.com\/pt-pt\/overview\/#primaryimage","url":"https:\/\/www.pestanagroup.com\/wp-content\/uploads\/2017\/07\/Grupo-Pestana-Overview.jpg","contentUrl":"https:\/\/www.pestanagroup.com\/wp-content\/uploads\/2017\/07\/Grupo-Pestana-Overview.jpg","width":2996,"height":2000},{"@type":"WebSite","@id":"https:\/\/www.pestanagroup.com\/pt-pt\/#website","url":"https:\/\/www.pestanagroup.com\/pt-pt\/","name":"Grupo Pestana","description":"The Time of Your Life","potentialAction":[{"@type":"SearchAction","target":{"@type":"EntryPoint","urlTemplate":"https:\/\/www.pestanagroup.com\/pt-pt\/?s={search_term_string}"},"query-input":{"@type":"PropertyValueSpecification","valueRequired":true,"valueName":"search_term_string"}}],"inLanguage":"pt-PT"}]}},"publishpress_future_workflow_manual_trigger":{"enabledWorkflows":[]},"_links":{"self":[{"href":"https:\/\/www.pestanagroup.com\/pt-pt\/wp-json\/wp\/v2\/pages\/115","targetHints":{"allow":["GET"]}}],"collection":[{"href":"https:\/\/www.pestanagroup.com\/pt-pt\/wp-json\/wp\/v2\/pages"}],"about":[{"href":"https:\/\/www.pestanagroup.com\/pt-pt\/wp-json\/wp\/v2\/types\/page"}],"author":[{"embeddable":true,"href":"https:\/\/www.pestanagroup.com\/pt-pt\/wp-json\/wp\/v2\/users\/33"}],"replies":[{"embeddable":true,"href":"https:\/\/www.pestanagroup.com\/pt-pt\/wp-json\/wp\/v2\/comments?post=115"}],"version-history":[{"count":4,"href":"https:\/\/www.pestanagroup.com\/pt-pt\/wp-json\/wp\/v2\/pages\/115\/revisions"}],"predecessor-version":[{"id":437,"href":"https:\/\/www.pestanagroup.com\/pt-pt\/wp-json\/wp\/v2\/pages\/115\/revisions\/437"}],"wp:featuredmedia":[{"embeddable":true,"href":"https:\/\/www.pestanagroup.com\/pt-pt\/wp-json\/wp\/v2\/media\/283"}],"wp:attachment":[{"href":"https:\/\/www.pestanagroup.com\/pt-pt\/wp-json\/wp\/v2\/media?parent=115"}],"curies":[{"name":"wp","href":"https:\/\/api.w.org\/{rel}","templated":true}]}}